{"id":142,"date":"2025-10-23T07:33:36","date_gmt":"2025-10-23T07:33:36","guid":{"rendered":"https:\/\/asil.websitesunum.com.tr\/?page_id=142"},"modified":"2026-04-02T19:35:43","modified_gmt":"2026-04-02T19:35:43","slug":"asil-alarm","status":"publish","type":"page","link":"https:\/\/asilgrup.com.tr\/en\/asil-alarm\/","title":{"rendered":"Asil Alarm"},"content":{"rendered":"<div class=\"wpb-content-wrapper\"><div id=\"row-baslik\" class=\"vc_row wpb_row vc_row-fluid vc_custom_1763823575275 vc_row-has-fill wd-rs-6921cfcc6f20e wd-section-stretch\"><div class=\"wpb_column vc_column_container vc_col-sm-12\"><div class=\"vc_column-inner\"><div class=\"wpb_wrapper\"><div class=\"vc_row wpb_row vc_inner vc_row-fluid wd-rs-6921c570a87c4\"><div class=\"wpb_column vc_column_container vc_col-sm-3\"><div class=\"vc_column-inner\"><div class=\"wpb_wrapper\">\n\t<div class=\"wpb_text_column wpb_content_element\" >\n\t\t<div class=\"wpb_wrapper\">\n\t\t\t<h1><span style=\"color: #ffffff;\">Asil Alarm<\/span><\/h1>\n\n\t\t<\/div>\n\t<\/div>\n<\/div><\/div><\/div><div class=\"wpb_column vc_column_container vc_col-sm-3\"><div class=\"vc_column-inner\"><div class=\"wpb_wrapper\"><\/div><\/div><\/div><div class=\"wpb_column vc_column_container vc_col-sm-3\"><div class=\"vc_column-inner\"><div class=\"wpb_wrapper\"><div id=\"wd-6924619f9f47a\" class=\"wd-animation-slide-from-bottom wd-animation-normal wd_delay_200 wd-rs-6924619f9f47a vc_custom_1763991982967 wd-button-wrapper text-center\"><a href=\"\/en\/kariyer\/\" title=\"Career\" style=\"--btn-color:#fff;--btn-color-hover:#fff;\" class=\"btn btn-style-default btn-shape-rectangle btn-size-default btn-full-width\">Join our team<\/a><\/div><\/div><\/div><\/div><div class=\"wpb_column vc_column_container vc_col-sm-3\"><div class=\"vc_column-inner\"><div class=\"wpb_wrapper\"><div id=\"wd-6921c7ad13024\" class=\"wd-animation-slide-from-bottom wd-animation-normal wd_delay_300 wd-rs-6921c7ad13024 vc_custom_1763821495170 wd-button-wrapper wd-smooth-scroll text-right\" data-smooth-time=\"1000\" data-smooth-offset=\"100\"><a href=\"#row-form\" title=\"\" style=\"--btn-color:#fff;--btn-color-hover:#fff;\" class=\"btn btn-style-default btn-shape-rectangle btn-size-default btn-full-width\">Get Free Offer<\/a><\/div><\/div><\/div><\/div><\/div><\/div><\/div><\/div><\/div><div class=\"vc_row wpb_row vc_row-fluid vc_custom_1763814798188 wd-rs-6921ad83c0019 wd-section-stretch\"><div class=\"wpb_column guvensel vc_column_container vc_col-sm-8 wd-rs-6921d1a3560e6\"><div class=\"vc_column-inner\"><div class=\"wpb_wrapper\">\n\t<div class=\"wpb_text_column wpb_content_element\" >\n\t\t<div class=\"wpb_wrapper\">\n\t\t\t<h1 data-start=\"153\" data-end=\"190\"><strong data-start=\"153\" data-end=\"190\">\u201cYou are safe anytime, anywhere.\u201d<\/strong><\/h1>\n<h1><\/h1>\n\n\t\t<\/div>\n\t<\/div>\n<div class=\"vc_separator wpb_content_element vc_separator_align_center vc_sep_width_100 vc_sep_pos_align_center vc_separator_no_text vc_sep_color_grey\" ><span class=\"vc_sep_holder vc_sep_holder_l\"><span class=\"vc_sep_line\"><\/span><\/span><span class=\"vc_sep_holder vc_sep_holder_r\"><span class=\"vc_sep_line\"><\/span><\/span>\n<\/div><div class=\"vc_row wpb_row vc_inner vc_row-fluid\"><div class=\"wpb_column vc_column_container vc_col-sm-2\"><div class=\"vc_column-inner\"><div class=\"wpb_wrapper\"><\/div><\/div><\/div><div class=\"wpb_column vc_column_container vc_col-sm-8\"><div class=\"vc_column-inner\"><div class=\"wpb_wrapper\">\t\t<div id=\"wd-6921d6b670430\" class=\"wd-image wd-wpb wd-rs-6921d6b670430 text-center\">\n\t\t\t\n\t\t\t<img loading=\"lazy\" decoding=\"async\" width=\"1300\" height=\"160\" src=\"https:\/\/asilgrup.com.tr\/wp-content\/uploads\/2025\/11\/alamricons.webp\" class=\"attachment-full size-full\" alt=\"\" srcset=\"https:\/\/asilgrup.com.tr\/wp-content\/uploads\/2025\/11\/alamricons.webp 1300w, https:\/\/asilgrup.com.tr\/wp-content\/uploads\/2025\/11\/alamricons-300x37.webp 300w, https:\/\/asilgrup.com.tr\/wp-content\/uploads\/2025\/11\/alamricons-1024x126.webp 1024w, https:\/\/asilgrup.com.tr\/wp-content\/uploads\/2025\/11\/alamricons-768x95.webp 768w, https:\/\/asilgrup.com.tr\/wp-content\/uploads\/2025\/11\/alamricons-18x2.webp 18w, https:\/\/asilgrup.com.tr\/wp-content\/uploads\/2025\/11\/alamricons-500x62.webp 500w, https:\/\/asilgrup.com.tr\/wp-content\/uploads\/2025\/11\/alamricons-800x98.webp 800w, https:\/\/asilgrup.com.tr\/wp-content\/uploads\/2025\/11\/alamricons-1280x158.webp 1280w\" sizes=\"auto, (max-width: 1300px) 100vw, 1300px\" \/>\n\t\t\t\t\t<\/div>\n\t\t<\/div><\/div><\/div><div class=\"wpb_column vc_column_container vc_col-sm-2\"><div class=\"vc_column-inner\"><div class=\"wpb_wrapper\"><\/div><\/div><\/div><\/div>\n\t\t<div id=\"wd-6921afc7d36cf\" class=\"wd-accordion wd-wpb wd-rs-6921afc7d36cf  wd-style-default wd-titles-left wd-opener-pos-left wd-opener-style-arrow\" data-state=\"first\">\n\t\t\t\t\t\t\t\n\t\t\t\t\n\t\t\t\t<div class=\"wd-accordion-item\">\n\t\t\t\t\t<div class=\"wd-accordion-title wd-active font-primary wd-fontsize-s wd-font-weight-600\" data-accordion-index=\"0\">\n\t\t\t\t\t\t<div class=\"wd-accordion-title-text\">\n\t\t\t\t\t\t\t\t\t\t\t\t\t\t<span>\n\t\t\t\t\t\t\t\tWhy Asil Alarm?\t\t\t\t\t\t\t<\/span>\n\t\t\t\t\t\t<\/div>\n\t\t\t\t\t\t<span class=\"wd-accordion-opener\"><\/span>\n\t\t\t\t\t<\/div>\n\n\t\t\t\t\t<div class=\"wd-accordion-content wd-entry-content wd-active\" data-accordion-index=\"0\">\n\t\t\t\t\t\t\t\t\t\t\t\t\t\n<ul>\n<li>24\/7 uninterrupted monitoring centre<\/li>\n<li>Professional installation and technical support<\/li>\n<li>Instant control via mobile application<\/li>\n<li>Security packages for every budget<\/li>\n<\/ul>\n\t\t\t\t\t\t\t\t\t\t\t<\/div>\n\t\t\t\t<\/div>\n\t\t\t\t\t\t\t\t\t\t\t\t\t\t<\/div>\n\n\t\t\n\t<div class=\"wpb_text_column wpb_content_element\" >\n\t\t<div class=\"wpb_wrapper\">\n\t\t\t<p data-start=\"192\" data-end=\"444\"><strong data-start=\"192\" data-end=\"206\">ASIL Alarm<\/strong>, protects your home, workplace and loved ones with smart security solutions, alarm systems and 24\/7 monitoring centre. With security system solutions suitable for every need, we offer a technology that considers security for you.<\/p>\n<p data-start=\"446\" data-end=\"646\">With our modern infrastructure, fast response team and user-friendly systems; we establish a professional security network that is activated within seconds in case of theft, fire, gas leakage or emergencies.<\/p>\n<p data-start=\"648\" data-end=\"748\">Each project is analysed by our expert engineer team and planned specifically for your needs.<\/p>\n\n\t\t<\/div>\n\t<\/div>\n\t\t<div id=\"wd-69cec4f360e6e\" class=\"wd-image wd-wpb wd-rs-69cec4f360e6e text-center\">\n\t\t\t\n\t\t\t<img loading=\"lazy\" decoding=\"async\" width=\"1024\" height=\"1146\" src=\"https:\/\/asilgrup.com.tr\/wp-content\/uploads\/2026\/04\/WhatsApp-Image-2026-03-23-at-15.32.59-1.jpeg\" class=\"attachment-full size-full\" alt=\"\" srcset=\"https:\/\/asilgrup.com.tr\/wp-content\/uploads\/2026\/04\/WhatsApp-Image-2026-03-23-at-15.32.59-1.jpeg 1024w, https:\/\/asilgrup.com.tr\/wp-content\/uploads\/2026\/04\/WhatsApp-Image-2026-03-23-at-15.32.59-1-268x300.jpeg 268w, https:\/\/asilgrup.com.tr\/wp-content\/uploads\/2026\/04\/WhatsApp-Image-2026-03-23-at-15.32.59-1-915x1024.jpeg 915w, https:\/\/asilgrup.com.tr\/wp-content\/uploads\/2026\/04\/WhatsApp-Image-2026-03-23-at-15.32.59-1-768x860.jpeg 768w, https:\/\/asilgrup.com.tr\/wp-content\/uploads\/2026\/04\/WhatsApp-Image-2026-03-23-at-15.32.59-1-11x12.jpeg 11w, https:\/\/asilgrup.com.tr\/wp-content\/uploads\/2026\/04\/WhatsApp-Image-2026-03-23-at-15.32.59-1-500x560.jpeg 500w, https:\/\/asilgrup.com.tr\/wp-content\/uploads\/2026\/04\/WhatsApp-Image-2026-03-23-at-15.32.59-1-800x895.jpeg 800w\" sizes=\"auto, (max-width: 1024px) 100vw, 1024px\" \/>\n\t\t\t\t\t<\/div>\n\t\t<\/div><\/div><\/div><div class=\"wpb_column vc_column_container vc_col-sm-4 wd-rs-6921d21854093\" id=\"row-hak\"><div class=\"vc_column-inner\"><div class=\"wpb_wrapper\"><div class=\"vc_row wpb_row vc_inner vc_row-fluid row-orasi vc_custom_1763824538937 vc_row-has-fill vc_row-o-content-middle vc_row-flex wd-rs-6921d38f61cc9\"><div class=\"wpb_column vc_column_container vc_col-sm-12\"><div class=\"vc_column-inner\"><div class=\"wpb_wrapper\">\t\t<div id=\"wd-69cec485cf1e2\" class=\"wd-image wd-wpb wd-rs-69cec485cf1e2 text-center\">\n\t\t\t\n\t\t\t<img loading=\"lazy\" decoding=\"async\" width=\"1024\" height=\"1365\" src=\"https:\/\/asilgrup.com.tr\/wp-content\/uploads\/2026\/04\/WhatsApp-Image-2026-03-23-at-15.33.11.jpeg\" class=\"attachment-full size-full\" alt=\"\" srcset=\"https:\/\/asilgrup.com.tr\/wp-content\/uploads\/2026\/04\/WhatsApp-Image-2026-03-23-at-15.33.11.jpeg 1024w, https:\/\/asilgrup.com.tr\/wp-content\/uploads\/2026\/04\/WhatsApp-Image-2026-03-23-at-15.33.11-225x300.jpeg 225w, https:\/\/asilgrup.com.tr\/wp-content\/uploads\/2026\/04\/WhatsApp-Image-2026-03-23-at-15.33.11-768x1024.jpeg 768w, https:\/\/asilgrup.com.tr\/wp-content\/uploads\/2026\/04\/WhatsApp-Image-2026-03-23-at-15.33.11-9x12.jpeg 9w, https:\/\/asilgrup.com.tr\/wp-content\/uploads\/2026\/04\/WhatsApp-Image-2026-03-23-at-15.33.11-500x667.jpeg 500w, https:\/\/asilgrup.com.tr\/wp-content\/uploads\/2026\/04\/WhatsApp-Image-2026-03-23-at-15.33.11-800x1066.jpeg 800w\" sizes=\"auto, (max-width: 1024px) 100vw, 1024px\" \/>\n\t\t\t\t\t<\/div>\n\t\t\n\t<div class=\"wpb_text_column wpb_content_element\" >\n\t\t<div class=\"wpb_wrapper\">\n\t\t\t<h3>Service Areas<\/h3>\n<ul>\n<li>Burglar and fire alarm systems<\/li>\n<li>Camera &amp; CCTV solutions<\/li>\n<li>Remote monitoring centre<\/li>\n<li>Mobile notification &amp; control applications<\/li>\n<li>Smart home security integrations<\/li>\n<li>Audible &amp; visual warning systems<\/li>\n<\/ul>\n\n\t\t<\/div>\n\t<\/div>\n<\/div><\/div><\/div><\/div><\/div><\/div><\/div><\/div><div class=\"vc_row wpb_row vc_row-fluid vc_custom_1763645167721 wd-rs-691f16e65af86\"><div class=\"wpb_column vc_column_container vc_col-sm-12\"><div class=\"vc_column-inner\"><div class=\"wpb_wrapper\"><div class=\"vc_separator wpb_content_element vc_separator_align_center vc_sep_width_100 vc_sep_pos_align_center vc_separator_no_text vc_sep_color_grey\" ><span class=\"vc_sep_holder vc_sep_holder_l\"><span class=\"vc_sep_line\"><\/span><\/span><span class=\"vc_sep_holder vc_sep_holder_r\"><span class=\"vc_sep_line\"><\/span><\/span>\n<\/div><\/div><\/div><\/div><\/div><div id=\"row-form\" class=\"vc_row wpb_row vc_row-fluid vc_custom_1763821451454 wd-rs-6921c782a9dd9\"><div class=\"wpb_column vc_column_container vc_col-sm-3\"><div class=\"vc_column-inner\"><div class=\"wpb_wrapper\"><\/div><\/div><\/div><div class=\"wpb_column vc_column_container vc_col-sm-6\"><div class=\"vc_column-inner\"><div class=\"wpb_wrapper\">\n\t<div class=\"wpb_text_column wpb_content_element\" >\n\t\t<div class=\"wpb_wrapper\">\n\t\t\t<h1 style=\"text-align: center;\">You can fill out the form to get a free quote<\/h1>\n\n\t\t<\/div>\n\t<\/div>\n\n<div class=\"wpcf7 no-js\" id=\"wpcf7-f7-o1\" lang=\"tr-TR\" dir=\"ltr\" data-wpcf7-id=\"7\">\n<div class=\"screen-reader-response\"><p role=\"status\" aria-live=\"polite\" aria-atomic=\"true\"><\/p> <ul><\/ul><\/div>\n<form action=\"\/en\/wp-json\/wp\/v2\/pages\/142#wpcf7-f7-o1\" method=\"post\" class=\"wpcf7-form init\" aria-label=\"\u0130leti\u015fim Formu\" novalidate=\"novalidate\" data-status=\"init\" data-trp-original-action=\"\/en\/wp-json\/wp\/v2\/pages\/142#wpcf7-f7-o1\">\n<fieldset class=\"hidden-fields-container\"><input type=\"hidden\" name=\"_wpcf7\" value=\"7\" \/><input type=\"hidden\" name=\"_wpcf7_version\" value=\"6.1.3\" \/><input type=\"hidden\" name=\"_wpcf7_locale\" value=\"tr_TR\" \/><input type=\"hidden\" name=\"_wpcf7_unit_tag\" value=\"wpcf7-f7-o1\" \/><input type=\"hidden\" name=\"_wpcf7_container_post\" value=\"0\" \/><input type=\"hidden\" name=\"_wpcf7_posted_data_hash\" value=\"\" \/>\n<\/fieldset>\n<p><label> Your Name \/ Surname<br \/>\n<span class=\"wpcf7-form-control-wrap\" data-name=\"your-name\"><input size=\"40\" maxlength=\"400\" class=\"wpcf7-form-control wpcf7-text wpcf7-validates-as-required\" aria-required=\"true\" aria-invalid=\"false\" value=\"\" type=\"text\" name=\"your-name\" \/><\/span> <\/label>\n<\/p>\n<p><label> Your e-mail address<br \/>\n<span class=\"wpcf7-form-control-wrap\" data-name=\"your-email\"><input size=\"40\" maxlength=\"400\" class=\"wpcf7-form-control wpcf7-email wpcf7-validates-as-required wpcf7-text wpcf7-validates-as-email\" autocomplete=\"email\" aria-required=\"true\" aria-invalid=\"false\" value=\"\" type=\"email\" name=\"your-email\" \/><\/span> <\/label><br \/>\n<label> Your Telephone Number<br \/>\n<span class=\"wpcf7-form-control-wrap\" data-name=\"tel-595\"><input size=\"40\" maxlength=\"400\" class=\"wpcf7-form-control wpcf7-tel wpcf7-validates-as-required wpcf7-text wpcf7-validates-as-tel\" aria-required=\"true\" aria-invalid=\"false\" value=\"\" type=\"tel\" name=\"tel-595\" \/><\/span><br \/>\n<\/label><br \/>\n<label> Subject<br \/>\n<span class=\"wpcf7-form-control-wrap\" data-name=\"your-subject\"><input size=\"40\" maxlength=\"400\" class=\"wpcf7-form-control wpcf7-text wpcf7-validates-as-required\" aria-required=\"true\" aria-invalid=\"false\" value=\"\" type=\"text\" name=\"your-subject\" \/><\/span> <\/label>\n<\/p>\n<p><label> Your message (optional)<br \/>\n<span class=\"wpcf7-form-control-wrap\" data-name=\"your-message\"><textarea cols=\"40\" rows=\"10\" maxlength=\"2000\" class=\"wpcf7-form-control wpcf7-textarea\" aria-invalid=\"false\" name=\"your-message\"><\/textarea><\/span> <\/label><br \/>\n<p class=\"cf7ascaptcha\"><input name=\"cf7as_hdn_cpthaval1\" id=\"cf7as_hdn_cpthaval1\" type=\"hidden\" value=\"5\" \/><input name=\"cf7as_hdn_cpthaval2\" id=\"cf7as_hdn_cpthaval2\" type=\"hidden\" value=\"5\" \/><input name=\"cf7as_hdn_cpthaaction\" id=\"cf7as_hdn_cpthaaction\" type=\"hidden\" value=\"+\" \/>What is your answer <span class=\"cf7as-firstAct\">5<\/span> +<span class=\"cf7as-firstAct\"> 5<\/span> <br><span class=\"wpcf7-form-control-wrap cf7as-captchcode\" data-name=\"cf7as-captchcode\"> <input type=\"text\" aria-invalid=\"false\" aria-required=\"true\" class=\"wpcf7-form-control wpcf7-text wpcf7-validates-as-required\" size=\"5\" value=\"\" name=\"cf7as-captchcode\" placeholder=\"Enter Your Answer\" style=\"width:200px;margin-bottom:10px;\" oninput=\"this.value = this.value.replace(\/[^0-9.]\/g, '').replace(\/(\\..*)\\.\/g, '$1');\"><\/span><input type=\"hidden\" name=\"cf7as-zplus\" value=\"\"><\/p><input type=\"hidden\" id=\"cf7as_captcha_nonce\" name=\"cf7as_captcha_nonce\" value=\"e65ff4959a\" \/><input type=\"hidden\" name=\"_wp_http_referer\" value=\"\/en\/wp-json\/wp\/v2\/pages\/142\" \/><br \/>\n<input class=\"wpcf7-form-control wpcf7-submit has-spinner\" type=\"submit\" value=\"Send\" \/>\n<\/p><div class=\"wpcf7-response-output\" aria-hidden=\"true\"><\/div>\n<input type=\"hidden\" name=\"trp-form-language\" value=\"en\"\/><\/form>\n<\/div>\n<\/div><\/div><\/div><div class=\"wpb_column vc_column_container vc_col-sm-3\"><div class=\"vc_column-inner\"><div class=\"wpb_wrapper\"><\/div><\/div><\/div><\/div>\n<\/div>","protected":false},"excerpt":{"rendered":"Asil Alarm Ekibimize Kat\u0131l\u00dccretsiz Teklif Al \u201cHer an, her yerde g\u00fcvendesiniz.\u201d Neden Asil Alarm? 7\/24 kesintisiz izleme merkezi Profesyonel kurulum","protected":false},"author":1,"featured_media":0,"parent":0,"menu_order":0,"comment_status":"closed","ping_status":"closed","template":"","meta":{"footnotes":""},"class_list":["post-142","page","type-page","status-publish","hentry"],"yoast_head":"<!-- This site is optimized with the Yoast SEO plugin v26.7 - https:\/\/yoast.com\/wordpress\/plugins\/seo\/ -->\n<title>Asil Alarm - Asil Grup<\/title>\n<meta name=\"robots\" content=\"index, follow, max-snippet:-1, max-image-preview:large, max-video-preview:-1\" \/>\n<link rel=\"canonical\" href=\"https:\/\/asilgrup.com.tr\/en\/asil-alarm\/\" \/>\n<meta property=\"og:locale\" content=\"en_GB\" \/>\n<meta property=\"og:type\" content=\"article\" \/>\n<meta property=\"og:title\" content=\"Asil Alarm - Asil Grup\" \/>\n<meta property=\"og:url\" content=\"https:\/\/asilgrup.com.tr\/en\/asil-alarm\/\" \/>\n<meta property=\"og:site_name\" content=\"Asil Grup\" \/>\n<meta property=\"article:modified_time\" content=\"2026-04-02T19:35:43+00:00\" \/>\n<meta name=\"twitter:card\" content=\"summary_large_image\" \/>\n<meta name=\"twitter:label1\" content=\"Estimated reading time\" \/>\n\t<meta name=\"twitter:data1\" content=\"3 minutes\" \/>\n<script type=\"application\/ld+json\" class=\"yoast-schema-graph\">{\"@context\":\"https:\/\/schema.org\",\"@graph\":[{\"@type\":\"WebPage\",\"@id\":\"https:\/\/asilgrup.com.tr\/asil-alarm\/\",\"url\":\"https:\/\/asilgrup.com.tr\/asil-alarm\/\",\"name\":\"Asil Alarm - Asil Grup\",\"isPartOf\":{\"@id\":\"https:\/\/asilgrup.com.tr\/#website\"},\"datePublished\":\"2025-10-23T07:33:36+00:00\",\"dateModified\":\"2026-04-02T19:35:43+00:00\",\"breadcrumb\":{\"@id\":\"https:\/\/asilgrup.com.tr\/asil-alarm\/#breadcrumb\"},\"inLanguage\":\"en-GB\",\"potentialAction\":[{\"@type\":\"ReadAction\",\"target\":[\"https:\/\/asilgrup.com.tr\/asil-alarm\/\"]}]},{\"@type\":\"BreadcrumbList\",\"@id\":\"https:\/\/asilgrup.com.tr\/asil-alarm\/#breadcrumb\",\"itemListElement\":[{\"@type\":\"ListItem\",\"position\":1,\"name\":\"Anasayfa\",\"item\":\"https:\/\/asilgrup.com.tr\/\"},{\"@type\":\"ListItem\",\"position\":2,\"name\":\"Asil Alarm\"}]},{\"@type\":\"WebSite\",\"@id\":\"https:\/\/asilgrup.com.tr\/#website\",\"url\":\"https:\/\/asilgrup.com.tr\/\",\"name\":\"Asil Grup\",\"description\":\"1998 y\u0131l\u0131ndan bu yana hizmet sekt\u00f6r\u00fcnde faaliyet g\u00f6steren Asil Grup; g\u00fcvenlik, teknoloji, ev alarm sistemleri, dan\u0131\u015fma, temizlik ve sigorta alanlar\u0131nda modern ve entegre \u00e7\u00f6z\u00fcmler sunan profesyonel bir hizmet sa\u011flay\u0131c\u0131d\u0131r.\",\"publisher\":{\"@id\":\"https:\/\/asilgrup.com.tr\/#organization\"},\"potentialAction\":[{\"@type\":\"SearchAction\",\"target\":{\"@type\":\"EntryPoint\",\"urlTemplate\":\"https:\/\/asilgrup.com.tr\/?s={search_term_string}\"},\"query-input\":{\"@type\":\"PropertyValueSpecification\",\"valueRequired\":true,\"valueName\":\"search_term_string\"}}],\"inLanguage\":\"en-GB\"},{\"@type\":\"Organization\",\"@id\":\"https:\/\/asilgrup.com.tr\/#organization\",\"name\":\"Asil Grup\",\"url\":\"https:\/\/asilgrup.com.tr\/\",\"logo\":{\"@type\":\"ImageObject\",\"inLanguage\":\"en-GB\",\"@id\":\"https:\/\/asilgrup.com.tr\/#\/schema\/logo\/image\/\",\"url\":\"https:\/\/asilgrup.com.tr\/wp-content\/uploads\/2025\/11\/logo_tr.webp\",\"contentUrl\":\"https:\/\/asilgrup.com.tr\/wp-content\/uploads\/2025\/11\/logo_tr.webp\",\"width\":300,\"height\":148,\"caption\":\"Asil Grup\"},\"image\":{\"@id\":\"https:\/\/asilgrup.com.tr\/#\/schema\/logo\/image\/\"}}]}<\/script>\n<!-- \/ Yoast SEO plugin. -->","yoast_head_json":{"title":"Asil Alarm - Asil Grup","robots":{"index":"index","follow":"follow","max-snippet":"max-snippet:-1","max-image-preview":"max-image-preview:large","max-video-preview":"max-video-preview:-1"},"canonical":"https:\/\/asilgrup.com.tr\/en\/asil-alarm\/","og_locale":"en_GB","og_type":"article","og_title":"Asil Alarm - Asil Grup","og_url":"https:\/\/asilgrup.com.tr\/en\/asil-alarm\/","og_site_name":"Asil Grup","article_modified_time":"2026-04-02T19:35:43+00:00","twitter_card":"summary_large_image","twitter_misc":{"Estimated reading time":"3 minutes"},"schema":{"@context":"https:\/\/schema.org","@graph":[{"@type":"WebPage","@id":"https:\/\/asilgrup.com.tr\/asil-alarm\/","url":"https:\/\/asilgrup.com.tr\/asil-alarm\/","name":"Asil Alarm - Asil Grup","isPartOf":{"@id":"https:\/\/asilgrup.com.tr\/#website"},"datePublished":"2025-10-23T07:33:36+00:00","dateModified":"2026-04-02T19:35:43+00:00","breadcrumb":{"@id":"https:\/\/asilgrup.com.tr\/asil-alarm\/#breadcrumb"},"inLanguage":"en-GB","potentialAction":[{"@type":"ReadAction","target":["https:\/\/asilgrup.com.tr\/asil-alarm\/"]}]},{"@type":"BreadcrumbList","@id":"https:\/\/asilgrup.com.tr\/asil-alarm\/#breadcrumb","itemListElement":[{"@type":"ListItem","position":1,"name":"Anasayfa","item":"https:\/\/asilgrup.com.tr\/"},{"@type":"ListItem","position":2,"name":"Asil Alarm"}]},{"@type":"WebSite","@id":"https:\/\/asilgrup.com.tr\/#website","url":"https:\/\/asilgrup.com.tr\/","name":"Asil Group","description":"Operating since 1998 in the service sector, Asil Group is a professional service provider offering modern and integrated solutions in the fields of security, technology, home alarm systems, consultancy, cleaning and insurance.","publisher":{"@id":"https:\/\/asilgrup.com.tr\/#organization"},"potentialAction":[{"@type":"SearchAction","target":{"@type":"EntryPoint","urlTemplate":"https:\/\/asilgrup.com.tr\/?s={search_term_string}"},"query-input":{"@type":"PropertyValueSpecification","valueRequired":true,"valueName":"search_term_string"}}],"inLanguage":"en-GB"},{"@type":"Organization","@id":"https:\/\/asilgrup.com.tr\/#organization","name":"Asil Group","url":"https:\/\/asilgrup.com.tr\/","logo":{"@type":"ImageObject","inLanguage":"en-GB","@id":"https:\/\/asilgrup.com.tr\/#\/schema\/logo\/image\/","url":"https:\/\/asilgrup.com.tr\/wp-content\/uploads\/2025\/11\/logo_tr.webp","contentUrl":"https:\/\/asilgrup.com.tr\/wp-content\/uploads\/2025\/11\/logo_tr.webp","width":300,"height":148,"caption":"Asil Grup"},"image":{"@id":"https:\/\/asilgrup.com.tr\/#\/schema\/logo\/image\/"}}]}},"_links":{"self":[{"href":"https:\/\/asilgrup.com.tr\/en\/wp-json\/wp\/v2\/pages\/142","targetHints":{"allow":["GET"]}}],"collection":[{"href":"https:\/\/asilgrup.com.tr\/en\/wp-json\/wp\/v2\/pages"}],"about":[{"href":"https:\/\/asilgrup.com.tr\/en\/wp-json\/wp\/v2\/types\/page"}],"author":[{"embeddable":true,"href":"https:\/\/asilgrup.com.tr\/en\/wp-json\/wp\/v2\/users\/1"}],"replies":[{"embeddable":true,"href":"https:\/\/asilgrup.com.tr\/en\/wp-json\/wp\/v2\/comments?post=142"}],"version-history":[{"count":51,"href":"https:\/\/asilgrup.com.tr\/en\/wp-json\/wp\/v2\/pages\/142\/revisions"}],"predecessor-version":[{"id":754,"href":"https:\/\/asilgrup.com.tr\/en\/wp-json\/wp\/v2\/pages\/142\/revisions\/754"}],"wp:attachment":[{"href":"https:\/\/asilgrup.com.tr\/en\/wp-json\/wp\/v2\/media?parent=142"}],"curies":[{"name":"wp","href":"https:\/\/api.w.org\/{rel}","templated":true}]}}