{"id":20,"date":"2025-09-29T11:05:49","date_gmt":"2025-09-29T11:05:49","guid":{"rendered":"https:\/\/asil.websitesunum.com.tr\/?page_id=20"},"modified":"2025-11-24T13:47:04","modified_gmt":"2025-11-24T13:47:04","slug":"asil-temizlik","status":"publish","type":"page","link":"https:\/\/asilgrup.com.tr\/en\/asil-temizlik\/","title":{"rendered":"Asil Cleaning"},"content":{"rendered":"<div class=\"wpb-content-wrapper\"><div id=\"row-baslik\" class=\"vc_row wpb_row vc_row-fluid vc_custom_1763826673825 vc_row-has-fill wd-rs-6921dbe733f5e wd-section-stretch\"><div class=\"wpb_column vc_column_container vc_col-sm-12\"><div class=\"vc_column-inner\"><div class=\"wpb_wrapper\"><div class=\"vc_row wpb_row vc_inner vc_row-fluid wd-rs-6921c570a87c4\"><div class=\"wpb_column vc_column_container vc_col-sm-3\"><div class=\"vc_column-inner\"><div class=\"wpb_wrapper\">\n\t<div class=\"wpb_text_column wpb_content_element\" >\n\t\t<div class=\"wpb_wrapper\">\n\t\t\t<h1><span style=\"color: #ffffff;\">Asil Cleaning<\/span><\/h1>\n\n\t\t<\/div>\n\t<\/div>\n<\/div><\/div><\/div><div class=\"wpb_column vc_column_container vc_col-sm-3\"><div class=\"vc_column-inner\"><div class=\"wpb_wrapper\"><\/div><\/div><\/div><div class=\"wpb_column vc_column_container vc_col-sm-3\"><div class=\"vc_column-inner\"><div class=\"wpb_wrapper\"><div id=\"wd-692461d416e07\" class=\"wd-animation-slide-from-bottom wd-animation-normal wd_delay_200 wd-rs-692461d416e07 vc_custom_1763992029444 wd-button-wrapper text-center\"><a href=\"\/en\/kariyer\/\" title=\"\" style=\"--btn-color:#fff;--btn-color-hover:#fff;\" class=\"btn btn-style-default btn-shape-rectangle btn-size-default btn-full-width\">Join our team<\/a><\/div><\/div><\/div><\/div><div class=\"wpb_column vc_column_container vc_col-sm-3\"><div class=\"vc_column-inner\"><div class=\"wpb_wrapper\"><div id=\"wd-6921c7ad13024\" class=\"wd-animation-slide-from-bottom wd-animation-normal wd_delay_300 wd-rs-6921c7ad13024 vc_custom_1763821495170 wd-button-wrapper wd-smooth-scroll text-right\" data-smooth-time=\"1000\" data-smooth-offset=\"100\"><a href=\"#row-form\" title=\"\" style=\"--btn-color:#fff;--btn-color-hover:#fff;\" class=\"btn btn-style-default btn-shape-rectangle btn-size-default btn-full-width\">Get Free Offer<\/a><\/div><\/div><\/div><\/div><\/div><\/div><\/div><\/div><\/div><div class=\"vc_row wpb_row vc_row-fluid vc_custom_1763814798188 wd-rs-6921ad83c0019 wd-section-stretch\"><div class=\"wpb_column guvensel vc_column_container vc_col-sm-8 wd-rs-6921d1a3560e6\"><div class=\"vc_column-inner\"><div class=\"wpb_wrapper\">\n\t<div class=\"wpb_text_column wpb_content_element\" >\n\t\t<div class=\"wpb_wrapper\">\n\t\t\t<h1 data-start=\"133\" data-end=\"182\"><strong data-start=\"136\" data-end=\"182\">\u201c<\/strong><strong data-start=\"134\" data-end=\"199\">We manage your cleaning processes with professional standards.<\/strong><strong data-start=\"136\" data-end=\"182\">\u201d<\/strong><\/h1>\n<h1><\/h1>\n<h1><\/h1>\n\n\t\t<\/div>\n\t<\/div>\n<div class=\"vc_row wpb_row vc_inner vc_row-fluid\"><div class=\"wpb_column vc_column_container vc_col-sm-2\"><div class=\"vc_column-inner\"><div class=\"wpb_wrapper\"><\/div><\/div><\/div><div class=\"wpb_column vc_column_container vc_col-sm-8\"><div class=\"vc_column-inner\"><div class=\"wpb_wrapper\">\t\t<div id=\"wd-6921dd1764dca\" class=\"wd-image wd-wpb wd-rs-6921dd1764dca text-center\">\n\t\t\t\n\t\t\t<img loading=\"lazy\" decoding=\"async\" width=\"1625\" height=\"200\" src=\"https:\/\/asilgrup.com.tr\/wp-content\/uploads\/2025\/11\/temizlkik.webp\" class=\"attachment-full size-full\" alt=\"\" srcset=\"https:\/\/asilgrup.com.tr\/wp-content\/uploads\/2025\/11\/temizlkik.webp 1625w, https:\/\/asilgrup.com.tr\/wp-content\/uploads\/2025\/11\/temizlkik-300x37.webp 300w, https:\/\/asilgrup.com.tr\/wp-content\/uploads\/2025\/11\/temizlkik-1024x126.webp 1024w, https:\/\/asilgrup.com.tr\/wp-content\/uploads\/2025\/11\/temizlkik-768x95.webp 768w, https:\/\/asilgrup.com.tr\/wp-content\/uploads\/2025\/11\/temizlkik-1536x189.webp 1536w, https:\/\/asilgrup.com.tr\/wp-content\/uploads\/2025\/11\/temizlkik-18x2.webp 18w, https:\/\/asilgrup.com.tr\/wp-content\/uploads\/2025\/11\/temizlkik-500x62.webp 500w, https:\/\/asilgrup.com.tr\/wp-content\/uploads\/2025\/11\/temizlkik-800x98.webp 800w, https:\/\/asilgrup.com.tr\/wp-content\/uploads\/2025\/11\/temizlkik-1280x158.webp 1280w\" sizes=\"auto, (max-width: 1625px) 100vw, 1625px\" \/>\n\t\t\t\t\t<\/div>\n\t\t<\/div><\/div><\/div><div class=\"wpb_column vc_column_container vc_col-sm-2\"><div class=\"vc_column-inner\"><div class=\"wpb_wrapper\"><\/div><\/div><\/div><\/div><div class=\"vc_separator wpb_content_element vc_separator_align_center vc_sep_width_100 vc_sep_pos_align_center vc_separator_no_text vc_sep_color_grey\" ><span class=\"vc_sep_holder vc_sep_holder_l\"><span class=\"vc_sep_line\"><\/span><\/span><span class=\"vc_sep_holder vc_sep_holder_r\"><span class=\"vc_sep_line\"><\/span><\/span>\n<\/div>\n\t<div class=\"wpb_text_column wpb_content_element\" >\n\t\t<div class=\"wpb_wrapper\">\n\t\t\t<p data-start=\"201\" data-end=\"472\"><strong data-start=\"201\" data-end=\"218\">Asil Cleaning<\/strong> we meet the hygiene needs of businesses of all sizes with modern and professional methods. Thanks to our expert staff and advanced inspection systems, we ensure that your working and living spaces always remain clean, tidy and healthy.<\/p>\n<p data-start=\"474\" data-end=\"583\">Our aim is to create reliable, sustainable and measurable hygiene standards in your environment.<\/p>\n\n\t\t<\/div>\n\t<\/div>\n\n\t\t<div id=\"wd-6921afc7d36cf\" class=\"wd-accordion wd-wpb wd-rs-6921afc7d36cf  wd-style-default wd-titles-left wd-opener-pos-left wd-opener-style-arrow\" data-state=\"first\">\n\t\t\t\t\t\t\t\n\t\t\t\t\n\t\t\t\t<div class=\"wd-accordion-item\">\n\t\t\t\t\t<div class=\"wd-accordion-title wd-active font-primary wd-fontsize-s wd-font-weight-600\" data-accordion-index=\"0\">\n\t\t\t\t\t\t<div class=\"wd-accordion-title-text\">\n\t\t\t\t\t\t\t\t\t\t\t\t\t\t<span>\n\t\t\t\t\t\t\t\tWhy Asil Cleaning?\t\t\t\t\t\t\t<\/span>\n\t\t\t\t\t\t<\/div>\n\t\t\t\t\t\t<span class=\"wd-accordion-opener\"><\/span>\n\t\t\t\t\t<\/div>\n\n\t\t\t\t\t<div class=\"wd-accordion-content wd-entry-content wd-active\" data-accordion-index=\"0\">\n\t\t\t\t\t\t\t\t\t\t\t\t\t\n<ul>\n<li>Expert Staff<\/li>\n<li>Experienced and Reliable Staff<\/li>\n<li>Special Cleaning Planning<\/li>\n<li>Infection Prevention Systems<\/li>\n<\/ul>\n\t\t\t\t\t\t\t\t\t\t\t<\/div>\n\t\t\t\t<\/div>\n\t\t\t\t\t\t\t\t\t\t\t\t\t\t<\/div>\n\n\t\t\t\t<div id=\"wd-6921df57781a9\" class=\"wd-image wd-wpb wd-rs-6921df57781a9 text-center\">\n\t\t\t\n\t\t\t<img loading=\"lazy\" decoding=\"async\" width=\"1920\" height=\"700\" src=\"https:\/\/asilgrup.com.tr\/wp-content\/uploads\/2025\/11\/temizbg.webp\" class=\"attachment-full size-full\" alt=\"\" srcset=\"https:\/\/asilgrup.com.tr\/wp-content\/uploads\/2025\/11\/temizbg.webp 1920w, https:\/\/asilgrup.com.tr\/wp-content\/uploads\/2025\/11\/temizbg-300x109.webp 300w, https:\/\/asilgrup.com.tr\/wp-content\/uploads\/2025\/11\/temizbg-1024x373.webp 1024w, https:\/\/asilgrup.com.tr\/wp-content\/uploads\/2025\/11\/temizbg-768x280.webp 768w, https:\/\/asilgrup.com.tr\/wp-content\/uploads\/2025\/11\/temizbg-1536x560.webp 1536w, https:\/\/asilgrup.com.tr\/wp-content\/uploads\/2025\/11\/temizbg-18x7.webp 18w, https:\/\/asilgrup.com.tr\/wp-content\/uploads\/2025\/11\/temizbg-500x182.webp 500w, https:\/\/asilgrup.com.tr\/wp-content\/uploads\/2025\/11\/temizbg-800x292.webp 800w, https:\/\/asilgrup.com.tr\/wp-content\/uploads\/2025\/11\/temizbg-1280x467.webp 1280w\" sizes=\"auto, (max-width: 1920px) 100vw, 1920px\" \/>\n\t\t\t\t\t<\/div>\n\t\t<\/div><\/div><\/div><div class=\"wpb_column vc_column_container vc_col-sm-4 wd-rs-6921d21854093\" id=\"row-hak\"><div class=\"vc_column-inner\"><div class=\"wpb_wrapper\"><div class=\"vc_row wpb_row vc_inner vc_row-fluid row-orasi vc_custom_1763827083596 vc_row-has-fill vc_row-o-content-middle vc_row-flex wd-rs-6921dd7a07992\"><div class=\"wpb_column vc_column_container vc_col-sm-12\"><div class=\"vc_column-inner\"><div class=\"wpb_wrapper\">\t\t<div id=\"wd-6921de00a8e0d\" class=\"wd-image wd-wpb wd-rs-6921de00a8e0d text-center\">\n\t\t\t\n\t\t\t<img loading=\"lazy\" decoding=\"async\" width=\"864\" height=\"1184\" src=\"https:\/\/asilgrup.com.tr\/wp-content\/uploads\/2025\/11\/temizlik13.webp\" class=\"attachment-full size-full\" alt=\"\" srcset=\"https:\/\/asilgrup.com.tr\/wp-content\/uploads\/2025\/11\/temizlik13.webp 864w, https:\/\/asilgrup.com.tr\/wp-content\/uploads\/2025\/11\/temizlik13-219x300.webp 219w, https:\/\/asilgrup.com.tr\/wp-content\/uploads\/2025\/11\/temizlik13-747x1024.webp 747w, https:\/\/asilgrup.com.tr\/wp-content\/uploads\/2025\/11\/temizlik13-768x1052.webp 768w, https:\/\/asilgrup.com.tr\/wp-content\/uploads\/2025\/11\/temizlik13-9x12.webp 9w, https:\/\/asilgrup.com.tr\/wp-content\/uploads\/2025\/11\/temizlik13-500x685.webp 500w, https:\/\/asilgrup.com.tr\/wp-content\/uploads\/2025\/11\/temizlik13-800x1096.webp 800w\" sizes=\"auto, (max-width: 864px) 100vw, 864px\" \/>\n\t\t\t\t\t<\/div>\n\t\t\n\t<div class=\"wpb_text_column wpb_content_element\" >\n\t\t<div class=\"wpb_wrapper\">\n\t\t\t<h3 data-start=\"134\" data-end=\"170\"><strong data-start=\"137\" data-end=\"170\">Periodic Cleaning Services<\/strong><\/h3>\n<p data-start=\"172\" data-end=\"452\">With our periodic cleaning services we offer at regular intervals, we keep the hygiene of your living and working areas at a high level. Asil Cleaning team provides a professional cleaning order with special programmes prepared according to your usage intensity and needs.<\/p>\n\n\t\t<\/div>\n\t<\/div>\n<\/div><\/div><\/div><\/div><div class=\"vc_row wpb_row vc_inner vc_row-fluid row-orasi vc_custom_1763827083596 vc_row-has-fill vc_row-o-content-middle vc_row-flex wd-rs-6921dd7a07992\"><div class=\"wpb_column vc_column_container vc_col-sm-12\"><div class=\"vc_column-inner\"><div class=\"wpb_wrapper\">\t\t<div id=\"wd-6921deb19a4cc\" class=\"wd-image wd-wpb wd-rs-6921deb19a4cc text-center\">\n\t\t\t\n\t\t\t<img loading=\"lazy\" decoding=\"async\" width=\"1819\" height=\"885\" src=\"https:\/\/asilgrup.com.tr\/wp-content\/uploads\/2025\/11\/Acrobat_Nm7GWcHGPx.webp\" class=\"attachment-full size-full\" alt=\"\" srcset=\"https:\/\/asilgrup.com.tr\/wp-content\/uploads\/2025\/11\/Acrobat_Nm7GWcHGPx.webp 1819w, https:\/\/asilgrup.com.tr\/wp-content\/uploads\/2025\/11\/Acrobat_Nm7GWcHGPx-300x146.webp 300w, https:\/\/asilgrup.com.tr\/wp-content\/uploads\/2025\/11\/Acrobat_Nm7GWcHGPx-1024x498.webp 1024w, https:\/\/asilgrup.com.tr\/wp-content\/uploads\/2025\/11\/Acrobat_Nm7GWcHGPx-768x374.webp 768w, https:\/\/asilgrup.com.tr\/wp-content\/uploads\/2025\/11\/Acrobat_Nm7GWcHGPx-1536x747.webp 1536w, https:\/\/asilgrup.com.tr\/wp-content\/uploads\/2025\/11\/Acrobat_Nm7GWcHGPx-18x9.webp 18w, https:\/\/asilgrup.com.tr\/wp-content\/uploads\/2025\/11\/Acrobat_Nm7GWcHGPx-500x243.webp 500w, https:\/\/asilgrup.com.tr\/wp-content\/uploads\/2025\/11\/Acrobat_Nm7GWcHGPx-800x389.webp 800w, https:\/\/asilgrup.com.tr\/wp-content\/uploads\/2025\/11\/Acrobat_Nm7GWcHGPx-1280x623.webp 1280w\" sizes=\"auto, (max-width: 1819px) 100vw, 1819px\" \/>\n\t\t\t\t\t<\/div>\n\t\t\n\t<div class=\"wpb_text_column wpb_content_element\" >\n\t\t<div class=\"wpb_wrapper\">\n\t\t\t<h3 data-start=\"459\" data-end=\"492\"><strong data-start=\"462\" data-end=\"492\">Continuous Hygiene and Freshness<\/strong><\/h3>\n<p data-start=\"494\" data-end=\"741\">Thanks to our planned cleaning practices, we maintain both freshness and hygiene in your areas. All you have to do is to enjoy a spotlessly clean environment; we manage every other detail with the expertise of Asil Temizlik.<\/p>\n\n\t\t<\/div>\n\t<\/div>\n<\/div><\/div><\/div><\/div><\/div><\/div><\/div><\/div><div class=\"vc_row wpb_row vc_row-fluid vc_custom_1763645167721 wd-rs-691f16e65af86\"><div class=\"wpb_column vc_column_container vc_col-sm-12\"><div class=\"vc_column-inner\"><div class=\"wpb_wrapper\"><div class=\"vc_separator wpb_content_element vc_separator_align_center vc_sep_width_100 vc_sep_pos_align_center vc_separator_no_text vc_sep_color_grey\" ><span class=\"vc_sep_holder vc_sep_holder_l\"><span class=\"vc_sep_line\"><\/span><\/span><span class=\"vc_sep_holder vc_sep_holder_r\"><span class=\"vc_sep_line\"><\/span><\/span>\n<\/div><\/div><\/div><\/div><\/div><div id=\"row-form\" class=\"vc_row wpb_row vc_row-fluid vc_custom_1763821451454 wd-rs-6921c782a9dd9\"><div class=\"wpb_column vc_column_container vc_col-sm-3\"><div class=\"vc_column-inner\"><div class=\"wpb_wrapper\"><\/div><\/div><\/div><div class=\"wpb_column vc_column_container vc_col-sm-6\"><div class=\"vc_column-inner\"><div class=\"wpb_wrapper\">\n\t<div class=\"wpb_text_column wpb_content_element\" >\n\t\t<div class=\"wpb_wrapper\">\n\t\t\t<h1 style=\"text-align: center;\">You can fill out the form to get a free quote<\/h1>\n\n\t\t<\/div>\n\t<\/div>\n\n<div class=\"wpcf7 no-js\" id=\"wpcf7-f7-o1\" lang=\"tr-TR\" dir=\"ltr\" data-wpcf7-id=\"7\">\n<div class=\"screen-reader-response\"><p role=\"status\" aria-live=\"polite\" aria-atomic=\"true\"><\/p> <ul><\/ul><\/div>\n<form action=\"\/en\/wp-json\/wp\/v2\/pages\/20#wpcf7-f7-o1\" method=\"post\" class=\"wpcf7-form init\" aria-label=\"\u0130leti\u015fim Formu\" novalidate=\"novalidate\" data-status=\"init\" data-trp-original-action=\"\/en\/wp-json\/wp\/v2\/pages\/20#wpcf7-f7-o1\">\n<fieldset class=\"hidden-fields-container\"><input type=\"hidden\" name=\"_wpcf7\" value=\"7\" \/><input type=\"hidden\" name=\"_wpcf7_version\" value=\"6.1.3\" \/><input type=\"hidden\" name=\"_wpcf7_locale\" value=\"tr_TR\" \/><input type=\"hidden\" name=\"_wpcf7_unit_tag\" value=\"wpcf7-f7-o1\" \/><input type=\"hidden\" name=\"_wpcf7_container_post\" value=\"0\" \/><input type=\"hidden\" name=\"_wpcf7_posted_data_hash\" value=\"\" \/>\n<\/fieldset>\n<p><label> Your Name \/ Surname<br \/>\n<span class=\"wpcf7-form-control-wrap\" data-name=\"your-name\"><input size=\"40\" maxlength=\"400\" class=\"wpcf7-form-control wpcf7-text wpcf7-validates-as-required\" aria-required=\"true\" aria-invalid=\"false\" value=\"\" type=\"text\" name=\"your-name\" \/><\/span> <\/label>\n<\/p>\n<p><label> Your e-mail address<br \/>\n<span class=\"wpcf7-form-control-wrap\" data-name=\"your-email\"><input size=\"40\" maxlength=\"400\" class=\"wpcf7-form-control wpcf7-email wpcf7-validates-as-required wpcf7-text wpcf7-validates-as-email\" autocomplete=\"email\" aria-required=\"true\" aria-invalid=\"false\" value=\"\" type=\"email\" name=\"your-email\" \/><\/span> <\/label><br \/>\n<label> Your Telephone Number<br \/>\n<span class=\"wpcf7-form-control-wrap\" data-name=\"tel-595\"><input size=\"40\" maxlength=\"400\" class=\"wpcf7-form-control wpcf7-tel wpcf7-validates-as-required wpcf7-text wpcf7-validates-as-tel\" aria-required=\"true\" aria-invalid=\"false\" value=\"\" type=\"tel\" name=\"tel-595\" \/><\/span><br \/>\n<\/label><br \/>\n<label> Subject<br \/>\n<span class=\"wpcf7-form-control-wrap\" data-name=\"your-subject\"><input size=\"40\" maxlength=\"400\" class=\"wpcf7-form-control wpcf7-text wpcf7-validates-as-required\" aria-required=\"true\" aria-invalid=\"false\" value=\"\" type=\"text\" name=\"your-subject\" \/><\/span> <\/label>\n<\/p>\n<p><label> Your message (optional)<br \/>\n<span class=\"wpcf7-form-control-wrap\" data-name=\"your-message\"><textarea cols=\"40\" rows=\"10\" maxlength=\"2000\" class=\"wpcf7-form-control wpcf7-textarea\" aria-invalid=\"false\" name=\"your-message\"><\/textarea><\/span> <\/label><br \/>\n<p class=\"cf7ascaptcha\"><input name=\"cf7as_hdn_cpthaval1\" id=\"cf7as_hdn_cpthaval1\" type=\"hidden\" value=\"2\" \/><input name=\"cf7as_hdn_cpthaval2\" id=\"cf7as_hdn_cpthaval2\" type=\"hidden\" value=\"5\" \/><input name=\"cf7as_hdn_cpthaaction\" id=\"cf7as_hdn_cpthaaction\" type=\"hidden\" value=\"x\" \/>What is your answer <span class=\"cf7as-firstAct\">5<\/span> x<span class=\"cf7as-firstAct\"> 2<\/span> <br><span class=\"wpcf7-form-control-wrap cf7as-captchcode\" data-name=\"cf7as-captchcode\"> <input type=\"text\" aria-invalid=\"false\" aria-required=\"true\" class=\"wpcf7-form-control wpcf7-text wpcf7-validates-as-required\" size=\"5\" value=\"\" name=\"cf7as-captchcode\" placeholder=\"Enter Your Answer\" style=\"width:200px;margin-bottom:10px;\" oninput=\"this.value = this.value.replace(\/[^0-9.]\/g, '').replace(\/(\\..*)\\.\/g, '$1');\"><\/span><input type=\"hidden\" name=\"cf7as-zplus\" value=\"\"><\/p><input type=\"hidden\" id=\"cf7as_captcha_nonce\" name=\"cf7as_captcha_nonce\" value=\"3b1bc6773f\" \/><input type=\"hidden\" name=\"_wp_http_referer\" value=\"\/en\/wp-json\/wp\/v2\/pages\/20\" \/><br \/>\n<input class=\"wpcf7-form-control wpcf7-submit has-spinner\" type=\"submit\" value=\"Send\" \/>\n<\/p><div class=\"wpcf7-response-output\" aria-hidden=\"true\"><\/div>\n<input type=\"hidden\" name=\"trp-form-language\" value=\"en\"\/><\/form>\n<\/div>\n<\/div><\/div><\/div><div class=\"wpb_column vc_column_container vc_col-sm-3\"><div class=\"vc_column-inner\"><div class=\"wpb_wrapper\"><\/div><\/div><\/div><\/div>\n<\/div>","protected":false},"excerpt":{"rendered":"Asil Temizlik Ekibimize Kat\u0131l\u00dccretsiz Teklif Al \u201cTemizlik s\u00fcre\u00e7lerinizi profesyonel standartlarla y\u00f6netiyoruz.\u201d Asil Temizlik olarak her \u00f6l\u00e7ekteki i\u015fletmenin hijyen ihtiya\u00e7lar\u0131n\u0131 modern","protected":false},"author":1,"featured_media":0,"parent":0,"menu_order":0,"comment_status":"closed","ping_status":"closed","template":"","meta":{"footnotes":""},"class_list":["post-20","page","type-page","status-publish","hentry"],"yoast_head":"<!-- This site is optimized with the Yoast SEO plugin v26.7 - https:\/\/yoast.com\/wordpress\/plugins\/seo\/ -->\n<title>Asil Temizlik - Asil Grup<\/title>\n<meta name=\"robots\" content=\"index, follow, max-snippet:-1, max-image-preview:large, max-video-preview:-1\" \/>\n<link rel=\"canonical\" href=\"https:\/\/asilgrup.com.tr\/en\/asil-temizlik\/\" \/>\n<meta property=\"og:locale\" content=\"en_GB\" \/>\n<meta property=\"og:type\" content=\"article\" \/>\n<meta property=\"og:title\" content=\"Asil Temizlik - Asil Grup\" \/>\n<meta property=\"og:url\" content=\"https:\/\/asilgrup.com.tr\/en\/asil-temizlik\/\" \/>\n<meta property=\"og:site_name\" content=\"Asil Grup\" \/>\n<meta property=\"article:modified_time\" content=\"2025-11-24T13:47:04+00:00\" \/>\n<meta name=\"twitter:card\" content=\"summary_large_image\" \/>\n<meta name=\"twitter:label1\" content=\"Estimated reading time\" \/>\n\t<meta name=\"twitter:data1\" content=\"10 minutes\" \/>\n<script type=\"application\/ld+json\" class=\"yoast-schema-graph\">{\"@context\":\"https:\/\/schema.org\",\"@graph\":[{\"@type\":\"WebPage\",\"@id\":\"https:\/\/asilgrup.com.tr\/asil-temizlik\/\",\"url\":\"https:\/\/asilgrup.com.tr\/asil-temizlik\/\",\"name\":\"Asil Temizlik - Asil Grup\",\"isPartOf\":{\"@id\":\"https:\/\/asilgrup.com.tr\/#website\"},\"datePublished\":\"2025-09-29T11:05:49+00:00\",\"dateModified\":\"2025-11-24T13:47:04+00:00\",\"breadcrumb\":{\"@id\":\"https:\/\/asilgrup.com.tr\/asil-temizlik\/#breadcrumb\"},\"inLanguage\":\"en-GB\",\"potentialAction\":[{\"@type\":\"ReadAction\",\"target\":[\"https:\/\/asilgrup.com.tr\/asil-temizlik\/\"]}]},{\"@type\":\"BreadcrumbList\",\"@id\":\"https:\/\/asilgrup.com.tr\/asil-temizlik\/#breadcrumb\",\"itemListElement\":[{\"@type\":\"ListItem\",\"position\":1,\"name\":\"Anasayfa\",\"item\":\"https:\/\/asilgrup.com.tr\/\"},{\"@type\":\"ListItem\",\"position\":2,\"name\":\"Asil Temizlik\"}]},{\"@type\":\"WebSite\",\"@id\":\"https:\/\/asilgrup.com.tr\/#website\",\"url\":\"https:\/\/asilgrup.com.tr\/\",\"name\":\"Asil Grup\",\"description\":\"1998 y\u0131l\u0131ndan bu yana hizmet sekt\u00f6r\u00fcnde faaliyet g\u00f6steren Asil Grup; g\u00fcvenlik, teknoloji, ev alarm sistemleri, dan\u0131\u015fma, temizlik ve sigorta alanlar\u0131nda modern ve entegre \u00e7\u00f6z\u00fcmler sunan profesyonel bir hizmet sa\u011flay\u0131c\u0131d\u0131r.\",\"publisher\":{\"@id\":\"https:\/\/asilgrup.com.tr\/#organization\"},\"potentialAction\":[{\"@type\":\"SearchAction\",\"target\":{\"@type\":\"EntryPoint\",\"urlTemplate\":\"https:\/\/asilgrup.com.tr\/?s={search_term_string}\"},\"query-input\":{\"@type\":\"PropertyValueSpecification\",\"valueRequired\":true,\"valueName\":\"search_term_string\"}}],\"inLanguage\":\"en-GB\"},{\"@type\":\"Organization\",\"@id\":\"https:\/\/asilgrup.com.tr\/#organization\",\"name\":\"Asil Grup\",\"url\":\"https:\/\/asilgrup.com.tr\/\",\"logo\":{\"@type\":\"ImageObject\",\"inLanguage\":\"en-GB\",\"@id\":\"https:\/\/asilgrup.com.tr\/#\/schema\/logo\/image\/\",\"url\":\"https:\/\/asilgrup.com.tr\/wp-content\/uploads\/2025\/11\/logo_tr.webp\",\"contentUrl\":\"https:\/\/asilgrup.com.tr\/wp-content\/uploads\/2025\/11\/logo_tr.webp\",\"width\":300,\"height\":148,\"caption\":\"Asil Grup\"},\"image\":{\"@id\":\"https:\/\/asilgrup.com.tr\/#\/schema\/logo\/image\/\"}}]}<\/script>\n<!-- \/ Yoast SEO plugin. -->","yoast_head_json":{"title":"Asil Temizlik - Asil Grup","robots":{"index":"index","follow":"follow","max-snippet":"max-snippet:-1","max-image-preview":"max-image-preview:large","max-video-preview":"max-video-preview:-1"},"canonical":"https:\/\/asilgrup.com.tr\/en\/asil-temizlik\/","og_locale":"en_GB","og_type":"article","og_title":"Asil Temizlik - Asil Grup","og_url":"https:\/\/asilgrup.com.tr\/en\/asil-temizlik\/","og_site_name":"Asil Grup","article_modified_time":"2025-11-24T13:47:04+00:00","twitter_card":"summary_large_image","twitter_misc":{"Estimated reading time":"10 minutes"},"schema":{"@context":"https:\/\/schema.org","@graph":[{"@type":"WebPage","@id":"https:\/\/asilgrup.com.tr\/asil-temizlik\/","url":"https:\/\/asilgrup.com.tr\/asil-temizlik\/","name":"Asil Temizlik - Asil Grup","isPartOf":{"@id":"https:\/\/asilgrup.com.tr\/#website"},"datePublished":"2025-09-29T11:05:49+00:00","dateModified":"2025-11-24T13:47:04+00:00","breadcrumb":{"@id":"https:\/\/asilgrup.com.tr\/asil-temizlik\/#breadcrumb"},"inLanguage":"en-GB","potentialAction":[{"@type":"ReadAction","target":["https:\/\/asilgrup.com.tr\/asil-temizlik\/"]}]},{"@type":"BreadcrumbList","@id":"https:\/\/asilgrup.com.tr\/asil-temizlik\/#breadcrumb","itemListElement":[{"@type":"ListItem","position":1,"name":"Anasayfa","item":"https:\/\/asilgrup.com.tr\/"},{"@type":"ListItem","position":2,"name":"Asil Temizlik"}]},{"@type":"WebSite","@id":"https:\/\/asilgrup.com.tr\/#website","url":"https:\/\/asilgrup.com.tr\/","name":"Asil Group","description":"Operating since 1998 in the service sector, Asil Group is a professional service provider offering modern and integrated solutions in the fields of security, technology, home alarm systems, consultancy, cleaning and insurance.","publisher":{"@id":"https:\/\/asilgrup.com.tr\/#organization"},"potentialAction":[{"@type":"SearchAction","target":{"@type":"EntryPoint","urlTemplate":"https:\/\/asilgrup.com.tr\/?s={search_term_string}"},"query-input":{"@type":"PropertyValueSpecification","valueRequired":true,"valueName":"search_term_string"}}],"inLanguage":"en-GB"},{"@type":"Organization","@id":"https:\/\/asilgrup.com.tr\/#organization","name":"Asil Group","url":"https:\/\/asilgrup.com.tr\/","logo":{"@type":"ImageObject","inLanguage":"en-GB","@id":"https:\/\/asilgrup.com.tr\/#\/schema\/logo\/image\/","url":"https:\/\/asilgrup.com.tr\/wp-content\/uploads\/2025\/11\/logo_tr.webp","contentUrl":"https:\/\/asilgrup.com.tr\/wp-content\/uploads\/2025\/11\/logo_tr.webp","width":300,"height":148,"caption":"Asil Grup"},"image":{"@id":"https:\/\/asilgrup.com.tr\/#\/schema\/logo\/image\/"}}]}},"_links":{"self":[{"href":"https:\/\/asilgrup.com.tr\/en\/wp-json\/wp\/v2\/pages\/20","targetHints":{"allow":["GET"]}}],"collection":[{"href":"https:\/\/asilgrup.com.tr\/en\/wp-json\/wp\/v2\/pages"}],"about":[{"href":"https:\/\/asilgrup.com.tr\/en\/wp-json\/wp\/v2\/types\/page"}],"author":[{"embeddable":true,"href":"https:\/\/asilgrup.com.tr\/en\/wp-json\/wp\/v2\/users\/1"}],"replies":[{"embeddable":true,"href":"https:\/\/asilgrup.com.tr\/en\/wp-json\/wp\/v2\/comments?post=20"}],"version-history":[{"count":33,"href":"https:\/\/asilgrup.com.tr\/en\/wp-json\/wp\/v2\/pages\/20\/revisions"}],"predecessor-version":[{"id":705,"href":"https:\/\/asilgrup.com.tr\/en\/wp-json\/wp\/v2\/pages\/20\/revisions\/705"}],"wp:attachment":[{"href":"https:\/\/asilgrup.com.tr\/en\/wp-json\/wp\/v2\/media?parent=20"}],"curies":[{"name":"wp","href":"https:\/\/api.w.org\/{rel}","templated":true}]}}