{"id":37,"date":"2025-09-29T11:06:47","date_gmt":"2025-09-29T11:06:47","guid":{"rendered":"https:\/\/asil.websitesunum.com.tr\/?page_id=37"},"modified":"2025-11-26T08:44:02","modified_gmt":"2025-11-26T08:44:02","slug":"kariyer","status":"publish","type":"page","link":"https:\/\/asilgrup.com.tr\/en\/kariyer\/","title":{"rendered":"Career"},"content":{"rendered":"<div class=\"wpb-content-wrapper\"><div id=\"row-baslik\" class=\"vc_row wpb_row vc_row-fluid vc_custom_1763969279832 vc_row-has-fill wd-rs-692408f818664 wd-section-stretch\"><div class=\"wpb_column vc_column_container vc_col-sm-12\"><div class=\"vc_column-inner\"><div class=\"wpb_wrapper\"><div class=\"vc_row wpb_row vc_inner vc_row-fluid wd-rs-6921c570a87c4\"><div class=\"wpb_column vc_column_container vc_col-sm-3\"><div class=\"vc_column-inner\"><div class=\"wpb_wrapper\">\n\t<div class=\"wpb_text_column wpb_content_element\" >\n\t\t<div class=\"wpb_wrapper\">\n\t\t\t<h1><span style=\"color: #ffffff;\">Career<\/span><\/h1>\n\n\t\t<\/div>\n\t<\/div>\n<\/div><\/div><\/div><div class=\"wpb_column vc_column_container vc_col-sm-3\"><div class=\"vc_column-inner\"><div class=\"wpb_wrapper\"><\/div><\/div><\/div><div class=\"wpb_column vc_column_container vc_col-sm-3\"><div class=\"vc_column-inner\"><div class=\"wpb_wrapper\"><\/div><\/div><\/div><div class=\"wpb_column vc_column_container vc_col-sm-3\"><div class=\"vc_column-inner\"><div class=\"wpb_wrapper\"><div id=\"wd-6924091baf92f\" class=\"wd-animation-slide-from-bottom wd-animation-normal wd_delay_200 wd-rs-6924091baf92f vc_custom_1763969323107 wd-button-wrapper wd-smooth-scroll text-center\" data-smooth-time=\"1000\" data-smooth-offset=\"100\"><a href=\"#row-katil\" title=\"\" style=\"--btn-color:#fff;--btn-color-hover:#fff;\" class=\"btn btn-style-default btn-shape-rectangle btn-size-default btn-full-width\">Join our team<\/a><\/div><\/div><\/div><\/div><\/div><\/div><\/div><\/div><\/div><div id=\"row-kariyer\" class=\"vc_row wpb_row vc_row-fluid wd-rs-692408dc49fda\"><div class=\"wpb_column vc_column_container vc_col-sm-12\"><div class=\"vc_column-inner\"><div class=\"wpb_wrapper\"><div class=\"vc_row wpb_row vc_inner vc_row-fluid vc_row-o-content-middle vc_row-flex wd-rs-6920bd480d491\"><div class=\"wpb_column vc_column_container vc_col-sm-6\"><div class=\"vc_column-inner\"><div class=\"wpb_wrapper\">\t\t<div id=\"wd-6920be4edd9e9\" class=\"wd-image wd-wpb wd-animation-slide-from-bottom wd-animation-normal wd_delay_200 wd-rs-6920be4edd9e9 text-center\">\n\t\t\t\n\t\t\t<img loading=\"lazy\" decoding=\"async\" width=\"1400\" height=\"1000\" src=\"https:\/\/asilgrup.com.tr\/wp-content\/uploads\/2025\/11\/aaa-2.webp\" class=\"attachment-full size-full\" alt=\"\" srcset=\"https:\/\/asilgrup.com.tr\/wp-content\/uploads\/2025\/11\/aaa-2.webp 1400w, https:\/\/asilgrup.com.tr\/wp-content\/uploads\/2025\/11\/aaa-2-300x214.webp 300w, https:\/\/asilgrup.com.tr\/wp-content\/uploads\/2025\/11\/aaa-2-1024x731.webp 1024w, https:\/\/asilgrup.com.tr\/wp-content\/uploads\/2025\/11\/aaa-2-768x549.webp 768w, https:\/\/asilgrup.com.tr\/wp-content\/uploads\/2025\/11\/aaa-2-18x12.webp 18w, https:\/\/asilgrup.com.tr\/wp-content\/uploads\/2025\/11\/aaa-2-500x357.webp 500w, https:\/\/asilgrup.com.tr\/wp-content\/uploads\/2025\/11\/aaa-2-800x571.webp 800w, https:\/\/asilgrup.com.tr\/wp-content\/uploads\/2025\/11\/aaa-2-1280x914.webp 1280w\" sizes=\"auto, (max-width: 1400px) 100vw, 1400px\" \/>\n\t\t\t\t\t<\/div>\n\t\t<\/div><\/div><\/div><div class=\"wpb_column vc_column_container vc_col-sm-6 wd-rs-6920bdbedd8f6\"><div class=\"vc_column-inner vc_custom_1763753420709\"><div class=\"wpb_wrapper\">\n\t<div class=\"wpb_text_column wpb_content_element\" >\n\t\t<div class=\"wpb_wrapper\">\n\t\t\t<h3 data-start=\"100\" data-end=\"135\"><strong data-start=\"104\" data-end=\"135\">Why Career at Asil Group?<\/strong><\/h3>\n<ul>\n<li data-start=\"137\" data-end=\"228\">We support career planning with objective and measurable performance management.<\/li>\n<li data-start=\"230\" data-end=\"349\">We care about the personal development of our employees and offer training and development programmes to strengthen their skills.<\/li>\n<li data-start=\"351\" data-end=\"437\">We adopt an open, transparent and accessible management approach in all our processes.<\/li>\n<li data-start=\"439\" data-end=\"544\">We follow a sustainable approach in the areas of safety, occupational health and corporate social responsibility.<\/li>\n<li data-start=\"546\" data-end=\"656\">We aim to match the right talent with the right position based on efficiency in recruitment processes.<\/li>\n<\/ul>\n\n\t\t<\/div>\n\t<\/div>\n<\/div><\/div><\/div><\/div><div class=\"vc_row wpb_row vc_inner vc_row-fluid wd-rs-69245f51bcb73\"><div class=\"wpb_column vc_column_container vc_col-sm-12\"><div class=\"vc_column-inner\"><div class=\"wpb_wrapper\"><div class=\"vc_separator wpb_content_element vc_separator_align_center vc_sep_width_100 vc_sep_pos_align_center vc_separator_no_text vc_sep_color_grey\" ><span class=\"vc_sep_holder vc_sep_holder_l\"><span class=\"vc_sep_line\"><\/span><\/span><span class=\"vc_sep_holder vc_sep_holder_r\"><span class=\"vc_sep_line\"><\/span><\/span>\n<\/div><\/div><\/div><\/div><\/div><div id=\"row-kariyerp\" class=\"vc_row wpb_row vc_inner vc_row-fluid vc_row-o-content-middle vc_row-flex wd-rs-69245b36b8997\"><div class=\"wpb_column vc_column_container vc_col-sm-6\"><div class=\"vc_column-inner\"><div class=\"wpb_wrapper\">\n\t<div class=\"wpb_text_column wpb_content_element\" >\n\t\t<div class=\"wpb_wrapper\">\n\t\t\t<h2 style=\"text-align: center;\">Steps of recruitment processes<\/h2>\n\n\t\t<\/div>\n\t<\/div>\n\t\t<div id=\"wd-69245bec614e0\" class=\"wd-image wd-wpb wd-rs-69245bec614e0 text-center\">\n\t\t\t\n\t\t\t<img loading=\"lazy\" decoding=\"async\" width=\"300\" height=\"148\" src=\"https:\/\/asilgrup.com.tr\/wp-content\/uploads\/2025\/11\/logo_tr.webp\" class=\"attachment-full size-full\" alt=\"\" srcset=\"https:\/\/asilgrup.com.tr\/wp-content\/uploads\/2025\/11\/logo_tr.webp 300w, https:\/\/asilgrup.com.tr\/wp-content\/uploads\/2025\/11\/logo_tr-18x9.webp 18w\" sizes=\"auto, (max-width: 300px) 100vw, 300px\" \/>\n\t\t\t\t\t<\/div>\n\t\t<\/div><\/div><\/div><div class=\"wpb_column vc_column_container vc_col-sm-6\"><div class=\"vc_column-inner\"><div class=\"wpb_wrapper\">\n\t<div class=\"wpb_text_column wpb_content_element\" >\n\t\t<div class=\"wpb_wrapper\">\n\t\t\t<div class=\"recruitment-steps\">\n<div class=\"step-item\">\n<div class=\"step-number\">01<\/div>\n<div class=\"step-content\">\n<h3 class=\"section-title\">Application<\/h3>\n<p>By filling out the online form, the process is included in the process.<\/p>\n<\/div>\n<\/div>\n<div class=\"step-item\">\n<div class=\"step-number\">02<\/div>\n<div class=\"step-content\">\n<h3 class=\"section-title\">Interview<\/h3>\n<p>After the preliminary assessment, candidates are invited for an interview.<\/p>\n<\/div>\n<\/div>\n<div class=\"step-item\">\n<div class=\"step-number\">03<\/div>\n<div class=\"step-content\">\n<h3 class=\"section-title\">Evaluation<\/h3>\n<p>Candidates are evaluated according to their experience and competences.<\/p>\n<\/div>\n<\/div>\n<div class=\"step-item\">\n<div class=\"step-number\">04<\/div>\n<div class=\"step-content\">\n<h3 class=\"section-title\">Offer<\/h3>\n<p>Candidates who successfully complete the process are offered a job offer.<\/p>\n<\/div>\n<\/div>\n<div class=\"step-item\">\n<div class=\"step-number\">05<\/div>\n<div class=\"step-content\">\n<h3 class=\"section-title\">Job Admission<\/h3>\n<p>After the phases, the candidates' tasks are initiated.<\/p>\n<\/div>\n<\/div>\n<\/div>\n\n\t\t<\/div>\n\t<\/div>\n<\/div><\/div><\/div><\/div><div class=\"vc_row wpb_row vc_inner vc_row-fluid\"><div class=\"wpb_column vc_column_container vc_col-sm-12\"><div class=\"vc_column-inner\"><div class=\"wpb_wrapper\"><div class=\"vc_separator wpb_content_element vc_separator_align_center vc_sep_width_100 vc_sep_pos_align_center vc_separator_no_text vc_sep_color_grey\" ><span class=\"vc_sep_holder vc_sep_holder_l\"><span class=\"vc_sep_line\"><\/span><\/span><span class=\"vc_sep_holder vc_sep_holder_r\"><span class=\"vc_sep_line\"><\/span><\/span>\n<\/div><\/div><\/div><\/div><\/div><div class=\"vc_row wpb_row vc_inner vc_row-fluid\"><div class=\"wpb_column vc_column_container vc_col-sm-4\"><div class=\"vc_column-inner\"><div class=\"wpb_wrapper\"><\/div><\/div><\/div><div class=\"wpb_column vc_column_container vc_col-sm-4\"><div class=\"vc_column-inner\"><div class=\"wpb_wrapper\">\n\t<div class=\"wpb_text_column wpb_content_element\" >\n\t\t<div class=\"wpb_wrapper\">\n\t\t\t<h2 style=\"text-align: center;\">JOB APPLICATION FORM<\/h2>\n\n\t\t<\/div>\n\t<\/div>\n<\/div><\/div><\/div><div class=\"wpb_column vc_column_container vc_col-sm-4\"><div class=\"vc_column-inner\"><div class=\"wpb_wrapper\"><\/div><\/div><\/div><\/div><div class=\"vc_row wpb_row vc_inner vc_row-fluid wd-rs-69245f76e7b09\"><div class=\"wpb_column vc_column_container vc_col-sm-12\"><div class=\"vc_column-inner\"><div class=\"wpb_wrapper\"><div class=\"vc_separator wpb_content_element vc_separator_align_center vc_sep_width_100 vc_sep_pos_align_center vc_separator_no_text vc_sep_color_grey\" ><span class=\"vc_sep_holder vc_sep_holder_l\"><span class=\"vc_sep_line\"><\/span><\/span><span class=\"vc_sep_holder vc_sep_holder_r\"><span class=\"vc_sep_line\"><\/span><\/span>\n<\/div><\/div><\/div><\/div><\/div><\/div><\/div><\/div><\/div><div id=\"row-katil\" class=\"vc_row wpb_row vc_row-fluid wd-rs-69245f9fe9d04\"><div class=\"wpb_column vc_column_container vc_col-sm-2\"><div class=\"vc_column-inner\"><div class=\"wpb_wrapper\"><\/div><\/div><\/div><div class=\"wpb_column vc_column_container vc_col-sm-8\"><div class=\"vc_column-inner\"><div class=\"wpb_wrapper\">\n<div class=\"wpcf7 no-js\" id=\"wpcf7-f660-o1\" lang=\"tr-TR\" dir=\"ltr\" data-wpcf7-id=\"660\">\n<div class=\"screen-reader-response\"><p role=\"status\" aria-live=\"polite\" aria-atomic=\"true\"><\/p> <ul><\/ul><\/div>\n<form action=\"\/en\/wp-json\/wp\/v2\/pages\/37#wpcf7-f660-o1\" method=\"post\" class=\"wpcf7-form init\" aria-label=\"\u0130leti\u015fim Formu\" enctype=\"multipart\/form-data\" novalidate=\"novalidate\" data-status=\"init\" data-trp-original-action=\"\/en\/wp-json\/wp\/v2\/pages\/37#wpcf7-f660-o1\">\n<fieldset class=\"hidden-fields-container\"><input type=\"hidden\" name=\"_wpcf7\" value=\"660\" \/><input type=\"hidden\" name=\"_wpcf7_version\" value=\"6.1.3\" \/><input type=\"hidden\" name=\"_wpcf7_locale\" value=\"tr_TR\" \/><input type=\"hidden\" name=\"_wpcf7_unit_tag\" value=\"wpcf7-f660-o1\" \/><input type=\"hidden\" name=\"_wpcf7_container_post\" value=\"0\" \/><input type=\"hidden\" name=\"_wpcf7_posted_data_hash\" value=\"\" \/>\n<\/fieldset>\n<div class=\"job-form-wrapper\">\n\t<h3>Department you are applying to\n\t<\/h3>\n\t<p><label><br \/>\n<span class=\"wpcf7-form-control-wrap\" data-name=\"departman\"><select class=\"wpcf7-form-control wpcf7-select wpcf7-validates-as-required\" aria-required=\"true\" aria-invalid=\"false\" name=\"departman\"><option value=\"\">&#8212;L\u00fctfen bir se\u00e7enek se\u00e7in&#8212;<\/option><option value=\"Departman se\u00e7iniz\">Select department<\/option><option value=\"G\u00fcvenlik\">Security<\/option><option value=\"Alarm\">Alarm<\/option><option value=\"Dan\u0131\u015fma\">Consultation<\/option><option value=\"Temizlik\">Cleaning<\/option><option value=\"Sigorta\">Insurance<\/option><option value=\"Teknoloji\">Technology<\/option><\/select><\/span><br \/>\n<\/label>\n\t<\/p>\n\t<h3>Personal Information\n\t<\/h3>\n\t<p><label>Name Surname *<br \/>\n<span class=\"wpcf7-form-control-wrap\" data-name=\"adsoyad\"><input size=\"40\" maxlength=\"400\" class=\"wpcf7-form-control wpcf7-text wpcf7-validates-as-required\" aria-required=\"true\" aria-invalid=\"false\" value=\"\" type=\"text\" name=\"adsoyad\" \/><\/span><\/label>\n\t<\/p>\n\t<p><label>Telephone *<br \/>\n<span class=\"wpcf7-form-control-wrap\" data-name=\"telefon\"><input size=\"40\" maxlength=\"400\" class=\"wpcf7-form-control wpcf7-tel wpcf7-validates-as-required wpcf7-text wpcf7-validates-as-tel\" aria-required=\"true\" aria-invalid=\"false\" value=\"\" type=\"tel\" name=\"telefon\" \/><\/span><\/label>\n\t<\/p>\n\t<p><label>Email<br \/>\n<span class=\"wpcf7-form-control-wrap\" data-name=\"email\"><input size=\"40\" maxlength=\"400\" class=\"wpcf7-form-control wpcf7-email wpcf7-validates-as-required wpcf7-text wpcf7-validates-as-email\" aria-required=\"true\" aria-invalid=\"false\" value=\"\" type=\"email\" name=\"email\" \/><\/span><\/label>\n\t<\/p>\n\t<p><label>Date of Birth *<br \/>\n<span class=\"wpcf7-form-control-wrap\" data-name=\"dogum_tarihi\"><input class=\"wpcf7-form-control wpcf7-date wpcf7-validates-as-required wpcf7-validates-as-date\" aria-required=\"true\" aria-invalid=\"false\" value=\"\" type=\"date\" name=\"dogum_tarihi\" \/><\/span><\/label>\n\t<\/p>\n\t<p><label>City you live in *<br \/>\n<span class=\"wpcf7-form-control-wrap\" data-name=\"sehir\"><input size=\"40\" maxlength=\"400\" class=\"wpcf7-form-control wpcf7-text wpcf7-validates-as-required\" aria-required=\"true\" aria-invalid=\"false\" value=\"\" type=\"text\" name=\"sehir\" \/><\/span><\/label>\n\t<\/p>\n\t<h3>Education Information\n\t<\/h3>\n\t<p><label>Your Last Graduation Degree*<br \/>\n<span class=\"wpcf7-form-control-wrap\" data-name=\"egitim\"><select class=\"wpcf7-form-control wpcf7-select wpcf7-validates-as-required\" aria-required=\"true\" aria-invalid=\"false\" name=\"egitim\"><option value=\"\u0130lk\u00f6\u011fretim\">Primary education<\/option><option value=\"Lise\">High School<\/option><option value=\"\u00d6n Lisans\">Associate Degree<\/option><option value=\"Lisans\">Licence<\/option><option value=\"Y\u00fcksek Lisans\">Master's Degree<\/option><option value=\"Doktora\">PhD<\/option><\/select><\/span><\/label>\n\t<\/p>\n\t<p><label>School \/ Department<br \/>\n<span class=\"wpcf7-form-control-wrap\" data-name=\"okul_bolum\"><input size=\"40\" maxlength=\"400\" class=\"wpcf7-form-control wpcf7-text\" aria-invalid=\"false\" value=\"\" type=\"text\" name=\"okul_bolum\" \/><\/span><\/label>\n\t<\/p>\n\t<h3>Work Experience\n\t<\/h3>\n\t<p><label>Last Employed Company<br \/>\n<span class=\"wpcf7-form-control-wrap\" data-name=\"son_firma\"><input size=\"40\" maxlength=\"400\" class=\"wpcf7-form-control wpcf7-text\" aria-invalid=\"false\" value=\"\" type=\"text\" name=\"son_firma\" \/><\/span><\/label>\n\t<\/p>\n\t<p><label>Position<br \/>\n<span class=\"wpcf7-form-control-wrap\" data-name=\"pozisyon\"><input size=\"40\" maxlength=\"400\" class=\"wpcf7-form-control wpcf7-text\" aria-invalid=\"false\" value=\"\" type=\"text\" name=\"pozisyon\" \/><\/span><\/label>\n\t<\/p>\n\t<p><label>Duration of Experience (Month\/Year)<br \/>\n<span class=\"wpcf7-form-control-wrap\" data-name=\"deneyim_suresi\"><input size=\"40\" maxlength=\"400\" class=\"wpcf7-form-control wpcf7-text\" aria-invalid=\"false\" value=\"\" type=\"text\" name=\"deneyim_suresi\" \/><\/span><\/label>\n\t<\/p>\n\t<h3>Additional Information\n\t<\/h3>\n\t<p><label>Introduce Yourself Briefly<br \/>\n<span class=\"wpcf7-form-control-wrap\" data-name=\"tanitim\"><textarea cols=\"40\" rows=\"10\" maxlength=\"2000\" class=\"wpcf7-form-control wpcf7-textarea\" aria-invalid=\"false\" name=\"tanitim\"><\/textarea><\/span><\/label>\n\t<\/p>\n\t<p><label>Upload CV (PDF\/DOC) *<br \/>\n<span class=\"wpcf7-form-control-wrap\" data-name=\"cv\"><input size=\"40\" class=\"wpcf7-form-control wpcf7-file wpcf7-validates-as-required\" accept=\".pdf,.doc,.docx\" aria-required=\"true\" aria-invalid=\"false\" type=\"file\" name=\"cv\" \/><\/span><\/label>\n\t<\/p>\n\t<h3>Clarification Text\n\t<\/h3>\n\t<p><span class=\"wpcf7-form-control-wrap\" data-name=\"kvkk\"><span class=\"wpcf7-form-control wpcf7-acceptance\"><span class=\"wpcf7-list-item\"><label><input type=\"checkbox\" name=\"kvkk\" value=\"1\" aria-invalid=\"false\" \/><span class=\"wpcf7-list-item-label\">By submitting the application, I agree to the processing of my personal data.<\/span><\/label><\/span><\/span><\/span><br \/>\n<p class=\"cf7ascaptcha\"><input name=\"cf7as_hdn_cpthaval1\" id=\"cf7as_hdn_cpthaval1\" type=\"hidden\" value=\"8\" \/><input name=\"cf7as_hdn_cpthaval2\" id=\"cf7as_hdn_cpthaval2\" type=\"hidden\" value=\"6\" \/><input name=\"cf7as_hdn_cpthaaction\" id=\"cf7as_hdn_cpthaaction\" type=\"hidden\" value=\"+\" \/>What is your answer <span class=\"cf7as-firstAct\">6<\/span> +<span class=\"cf7as-firstAct\"> 8<\/span> <br><span class=\"wpcf7-form-control-wrap cf7as-captchcode\" data-name=\"cf7as-captchcode\"> <input type=\"text\" aria-invalid=\"false\" aria-required=\"true\" class=\"wpcf7-form-control wpcf7-text wpcf7-validates-as-required\" size=\"5\" value=\"\" name=\"cf7as-captchcode\" placeholder=\"Enter Your Answer\" style=\"width:200px;margin-bottom:10px;\" oninput=\"this.value = this.value.replace(\/[^0-9.]\/g, '').replace(\/(\\..*)\\.\/g, '$1');\"><\/span><input type=\"hidden\" name=\"cf7as-zplus\" value=\"\"><\/p><input type=\"hidden\" id=\"cf7as_captcha_nonce\" name=\"cf7as_captcha_nonce\" value=\"3b1bc6773f\" \/><input type=\"hidden\" name=\"_wp_http_referer\" value=\"\/en\/wp-json\/wp\/v2\/pages\/37\" \/>\n\t<\/p>\n\t<p><input class=\"wpcf7-form-control wpcf7-submit has-spinner\" type=\"submit\" value=\"Submit Application\" \/>\n\t<\/p>\n<\/div><div class=\"wpcf7-response-output\" aria-hidden=\"true\"><\/div>\n<input type=\"hidden\" name=\"trp-form-language\" value=\"en\"\/><\/form>\n<\/div>\n<\/div><\/div><\/div><div class=\"wpb_column vc_column_container vc_col-sm-2\"><div class=\"vc_column-inner\"><div class=\"wpb_wrapper\"><\/div><\/div><\/div><\/div><div class=\"vc_row wpb_row vc_row-fluid\"><div class=\"wpb_column vc_column_container vc_col-sm-12\"><div class=\"vc_column-inner\"><div class=\"wpb_wrapper\"><div class=\"vc_separator wpb_content_element vc_separator_align_center vc_sep_width_100 vc_sep_pos_align_center vc_separator_no_text vc_sep_color_grey\" ><span class=\"vc_sep_holder vc_sep_holder_l\"><span class=\"vc_sep_line\"><\/span><\/span><span class=\"vc_sep_holder vc_sep_holder_r\"><span class=\"vc_sep_line\"><\/span><\/span>\n<\/div><\/div><\/div><\/div><\/div>\n<\/div>","protected":false},"excerpt":{"rendered":"Kariyer Ekibimize Kat\u0131l Neden Asil Grup\u2019ta Kariyer? Kariyer planlamas\u0131n\u0131, objektif ve \u00f6l\u00e7\u00fclebilir bir performans y\u00f6netimiyle destekliyoruz. \u00c7al\u0131\u015fanlar\u0131m\u0131z\u0131n ki\u015fisel geli\u015fimini \u00f6nemsiyor,","protected":false},"author":1,"featured_media":0,"parent":0,"menu_order":0,"comment_status":"closed","ping_status":"closed","template":"","meta":{"footnotes":""},"class_list":["post-37","page","type-page","status-publish","hentry"],"yoast_head":"<!-- This site is optimized with the Yoast SEO plugin v26.7 - https:\/\/yoast.com\/wordpress\/plugins\/seo\/ -->\n<title>Kariyer - Asil Grup<\/title>\n<meta name=\"robots\" content=\"index, follow, max-snippet:-1, max-image-preview:large, max-video-preview:-1\" \/>\n<link rel=\"canonical\" href=\"https:\/\/asilgrup.com.tr\/en\/kariyer\/\" \/>\n<meta property=\"og:locale\" content=\"en_GB\" \/>\n<meta property=\"og:type\" content=\"article\" \/>\n<meta property=\"og:title\" content=\"Kariyer - Asil Grup\" \/>\n<meta property=\"og:url\" content=\"https:\/\/asilgrup.com.tr\/en\/kariyer\/\" \/>\n<meta property=\"og:site_name\" content=\"Asil Grup\" \/>\n<meta property=\"article:modified_time\" content=\"2025-11-26T08:44:02+00:00\" \/>\n<meta name=\"twitter:card\" content=\"summary_large_image\" \/>\n<meta name=\"twitter:label1\" content=\"Estimated reading time\" \/>\n\t<meta name=\"twitter:data1\" content=\"8 minutes\" \/>\n<script type=\"application\/ld+json\" class=\"yoast-schema-graph\">{\"@context\":\"https:\/\/schema.org\",\"@graph\":[{\"@type\":\"WebPage\",\"@id\":\"https:\/\/asilgrup.com.tr\/en\/kariyer\/\",\"url\":\"https:\/\/asilgrup.com.tr\/en\/kariyer\/\",\"name\":\"Kariyer - Asil Grup\",\"isPartOf\":{\"@id\":\"https:\/\/asilgrup.com.tr\/#website\"},\"datePublished\":\"2025-09-29T11:06:47+00:00\",\"dateModified\":\"2025-11-26T08:44:02+00:00\",\"breadcrumb\":{\"@id\":\"https:\/\/asilgrup.com.tr\/en\/kariyer\/#breadcrumb\"},\"inLanguage\":\"en-GB\",\"potentialAction\":[{\"@type\":\"ReadAction\",\"target\":[\"https:\/\/asilgrup.com.tr\/en\/kariyer\/\"]}]},{\"@type\":\"BreadcrumbList\",\"@id\":\"https:\/\/asilgrup.com.tr\/en\/kariyer\/#breadcrumb\",\"itemListElement\":[{\"@type\":\"ListItem\",\"position\":1,\"name\":\"Anasayfa\",\"item\":\"https:\/\/asilgrup.com.tr\/\"},{\"@type\":\"ListItem\",\"position\":2,\"name\":\"Kariyer\"}]},{\"@type\":\"WebSite\",\"@id\":\"https:\/\/asilgrup.com.tr\/#website\",\"url\":\"https:\/\/asilgrup.com.tr\/\",\"name\":\"Asil Grup\",\"description\":\"1998 y\u0131l\u0131ndan bu yana hizmet sekt\u00f6r\u00fcnde faaliyet g\u00f6steren Asil Grup; g\u00fcvenlik, teknoloji, ev alarm sistemleri, dan\u0131\u015fma, temizlik ve sigorta alanlar\u0131nda modern ve entegre \u00e7\u00f6z\u00fcmler sunan profesyonel bir hizmet sa\u011flay\u0131c\u0131d\u0131r.\",\"publisher\":{\"@id\":\"https:\/\/asilgrup.com.tr\/#organization\"},\"potentialAction\":[{\"@type\":\"SearchAction\",\"target\":{\"@type\":\"EntryPoint\",\"urlTemplate\":\"https:\/\/asilgrup.com.tr\/?s={search_term_string}\"},\"query-input\":{\"@type\":\"PropertyValueSpecification\",\"valueRequired\":true,\"valueName\":\"search_term_string\"}}],\"inLanguage\":\"en-GB\"},{\"@type\":\"Organization\",\"@id\":\"https:\/\/asilgrup.com.tr\/#organization\",\"name\":\"Asil Grup\",\"url\":\"https:\/\/asilgrup.com.tr\/\",\"logo\":{\"@type\":\"ImageObject\",\"inLanguage\":\"en-GB\",\"@id\":\"https:\/\/asilgrup.com.tr\/#\/schema\/logo\/image\/\",\"url\":\"https:\/\/asilgrup.com.tr\/wp-content\/uploads\/2025\/11\/logo_tr.webp\",\"contentUrl\":\"https:\/\/asilgrup.com.tr\/wp-content\/uploads\/2025\/11\/logo_tr.webp\",\"width\":300,\"height\":148,\"caption\":\"Asil Grup\"},\"image\":{\"@id\":\"https:\/\/asilgrup.com.tr\/#\/schema\/logo\/image\/\"}}]}<\/script>\n<!-- \/ Yoast SEO plugin. -->","yoast_head_json":{"title":"Kariyer - Asil Grup","robots":{"index":"index","follow":"follow","max-snippet":"max-snippet:-1","max-image-preview":"max-image-preview:large","max-video-preview":"max-video-preview:-1"},"canonical":"https:\/\/asilgrup.com.tr\/en\/kariyer\/","og_locale":"en_GB","og_type":"article","og_title":"Kariyer - Asil Grup","og_url":"https:\/\/asilgrup.com.tr\/en\/kariyer\/","og_site_name":"Asil Grup","article_modified_time":"2025-11-26T08:44:02+00:00","twitter_card":"summary_large_image","twitter_misc":{"Estimated reading time":"8 minutes"},"schema":{"@context":"https:\/\/schema.org","@graph":[{"@type":"WebPage","@id":"https:\/\/asilgrup.com.tr\/en\/kariyer\/","url":"https:\/\/asilgrup.com.tr\/en\/kariyer\/","name":"Kariyer - Asil Grup","isPartOf":{"@id":"https:\/\/asilgrup.com.tr\/#website"},"datePublished":"2025-09-29T11:06:47+00:00","dateModified":"2025-11-26T08:44:02+00:00","breadcrumb":{"@id":"https:\/\/asilgrup.com.tr\/en\/kariyer\/#breadcrumb"},"inLanguage":"en-GB","potentialAction":[{"@type":"ReadAction","target":["https:\/\/asilgrup.com.tr\/en\/kariyer\/"]}]},{"@type":"BreadcrumbList","@id":"https:\/\/asilgrup.com.tr\/en\/kariyer\/#breadcrumb","itemListElement":[{"@type":"ListItem","position":1,"name":"Anasayfa","item":"https:\/\/asilgrup.com.tr\/"},{"@type":"ListItem","position":2,"name":"Kariyer"}]},{"@type":"WebSite","@id":"https:\/\/asilgrup.com.tr\/#website","url":"https:\/\/asilgrup.com.tr\/","name":"Asil Group","description":"Operating since 1998 in the service sector, Asil Group is a professional service provider offering modern and integrated solutions in the fields of security, technology, home alarm systems, consultancy, cleaning and insurance.","publisher":{"@id":"https:\/\/asilgrup.com.tr\/#organization"},"potentialAction":[{"@type":"SearchAction","target":{"@type":"EntryPoint","urlTemplate":"https:\/\/asilgrup.com.tr\/?s={search_term_string}"},"query-input":{"@type":"PropertyValueSpecification","valueRequired":true,"valueName":"search_term_string"}}],"inLanguage":"en-GB"},{"@type":"Organization","@id":"https:\/\/asilgrup.com.tr\/#organization","name":"Asil Group","url":"https:\/\/asilgrup.com.tr\/","logo":{"@type":"ImageObject","inLanguage":"en-GB","@id":"https:\/\/asilgrup.com.tr\/#\/schema\/logo\/image\/","url":"https:\/\/asilgrup.com.tr\/wp-content\/uploads\/2025\/11\/logo_tr.webp","contentUrl":"https:\/\/asilgrup.com.tr\/wp-content\/uploads\/2025\/11\/logo_tr.webp","width":300,"height":148,"caption":"Asil Grup"},"image":{"@id":"https:\/\/asilgrup.com.tr\/#\/schema\/logo\/image\/"}}]}},"_links":{"self":[{"href":"https:\/\/asilgrup.com.tr\/en\/wp-json\/wp\/v2\/pages\/37","targetHints":{"allow":["GET"]}}],"collection":[{"href":"https:\/\/asilgrup.com.tr\/en\/wp-json\/wp\/v2\/pages"}],"about":[{"href":"https:\/\/asilgrup.com.tr\/en\/wp-json\/wp\/v2\/types\/page"}],"author":[{"embeddable":true,"href":"https:\/\/asilgrup.com.tr\/en\/wp-json\/wp\/v2\/users\/1"}],"replies":[{"embeddable":true,"href":"https:\/\/asilgrup.com.tr\/en\/wp-json\/wp\/v2\/comments?post=37"}],"version-history":[{"count":39,"href":"https:\/\/asilgrup.com.tr\/en\/wp-json\/wp\/v2\/pages\/37\/revisions"}],"predecessor-version":[{"id":727,"href":"https:\/\/asilgrup.com.tr\/en\/wp-json\/wp\/v2\/pages\/37\/revisions\/727"}],"wp:attachment":[{"href":"https:\/\/asilgrup.com.tr\/en\/wp-json\/wp\/v2\/media?parent=37"}],"curies":[{"name":"wp","href":"https:\/\/api.w.org\/{rel}","templated":true}]}}