{"id":42,"date":"2025-09-29T11:07:35","date_gmt":"2025-09-29T11:07:35","guid":{"rendered":"https:\/\/asil.websitesunum.com.tr\/?page_id=42"},"modified":"2025-11-25T11:16:22","modified_gmt":"2025-11-25T11:16:22","slug":"iletisim","status":"publish","type":"page","link":"https:\/\/asilgrup.com.tr\/en\/iletisim\/","title":{"rendered":"Contact"},"content":{"rendered":"<div class=\"wpb-content-wrapper\"><div class=\"vc_row wpb_row vc_row-fluid vc_row-o-content-middle vc_row-flex wd-rs-68dacf062efe9\"><div class=\"wpb_column vc_column_container vc_col-sm-6\"><div class=\"vc_column-inner\"><div class=\"wpb_wrapper\">\n\t<div class=\"wpb_text_column wpb_content_element\" >\n\t\t<div class=\"wpb_wrapper\">\n\t\t\t<table class=\"bodywriteh1\" border=\"0\" width=\"100%\" cellspacing=\"0\" cellpadding=\"0\">\n<tbody>\n<tr>\n<td width=\"100\" height=\"45\">Company Title<\/td>\n<td width=\"20\">:<\/td>\n<td colspan=\"2\">Asil Group<\/td>\n<\/tr>\n<tr>\n<td width=\"100\" height=\"45\">Telephone<\/td>\n<td width=\"20\">:<\/td>\n<td colspan=\"2\">444 13 18<\/td>\n<\/tr>\n<tr>\n<td width=\"100\" height=\"45\">Fax<\/td>\n<td width=\"20\">:<\/td>\n<td colspan=\"2\">+90 212 875 44 87<\/td>\n<\/tr>\n<tr>\n<td width=\"100\" height=\"45\">E-Mail<\/td>\n<td width=\"20\">:<\/td>\n<td colspan=\"2\">bilgi@asilgrup.com.tr<\/td>\n<\/tr>\n<tr>\n<td width=\"100\" height=\"45\">Address<\/td>\n<td width=\"20\">:<\/td>\n<td colspan=\"2\">Yakuplu Merkez Mah. 208. Sokak No:23\/3 Beylikduzu<br \/>\nIstanbul - Turkey<\/td>\n<\/tr>\n<\/tbody>\n<\/table>\n\n\t\t<\/div>\n\t<\/div>\n<\/div><\/div><\/div><div class=\"wpb_column vc_column_container vc_col-sm-6\"><div class=\"vc_column-inner\"><div class=\"wpb_wrapper\">\n\t<div class=\"wpb_raw_code wpb_raw_html wpb_content_element\" >\n\t\t<div class=\"wpb_wrapper\">\n\t\t\t<iframe src=\"https:\/\/www.google.com\/maps\/embed?pb=!1m18!1m12!1m3!1d447.5732701158422!2d28.6674051836853!3d41.00551666091972!2m3!1f0!2f0!3f0!3m2!1i1024!2i768!4f13.1!3m3!1m2!1s0x14caa196bcd37d65%3A0xa6925ff6f1a2b16d!2sAsil%20Grup!5e0!3m2!1str!2str!4v1764069352615!5m2!1str!2str\" width=\"100%\" height=\"450\" style=\"border:0;\" allowfullscreen=\"\" loading=\"lazy\" referrerpolicy=\"no-referrer-when-downgrade\"><\/iframe>\n\t\t<\/div>\n\t<\/div>\n<\/div><\/div><\/div><\/div>\n<\/div>","protected":false},"excerpt":{"rendered":"Firma \u00dcnvan\u0131 : Asil Grup Telefon : 444 13 18 Fax : +90 212 875 44 87 E-Mail : bilgi@asilgrup.com.tr","protected":false},"author":1,"featured_media":0,"parent":0,"menu_order":0,"comment_status":"closed","ping_status":"closed","template":"","meta":{"footnotes":""},"class_list":["post-42","page","type-page","status-publish","hentry"],"yoast_head":"<!-- This site is optimized with the Yoast SEO plugin v26.7 - https:\/\/yoast.com\/wordpress\/plugins\/seo\/ -->\n<title>\u0130leti\u015fim - Asil Grup<\/title>\n<meta name=\"robots\" content=\"index, follow, max-snippet:-1, max-image-preview:large, max-video-preview:-1\" \/>\n<link rel=\"canonical\" href=\"https:\/\/asilgrup.com.tr\/en\/iletisim\/\" \/>\n<meta property=\"og:locale\" content=\"en_GB\" \/>\n<meta property=\"og:type\" content=\"article\" \/>\n<meta property=\"og:title\" content=\"\u0130leti\u015fim - Asil Grup\" \/>\n<meta property=\"og:url\" content=\"https:\/\/asilgrup.com.tr\/en\/iletisim\/\" \/>\n<meta property=\"og:site_name\" content=\"Asil Grup\" \/>\n<meta property=\"article:modified_time\" content=\"2025-11-25T11:16:22+00:00\" \/>\n<meta name=\"twitter:card\" content=\"summary_large_image\" \/>\n<meta name=\"twitter:label1\" content=\"Estimated reading time\" \/>\n\t<meta name=\"twitter:data1\" content=\"1 minute\" \/>\n<script type=\"application\/ld+json\" class=\"yoast-schema-graph\">{\"@context\":\"https:\/\/schema.org\",\"@graph\":[{\"@type\":\"WebPage\",\"@id\":\"https:\/\/asilgrup.com.tr\/iletisim\/\",\"url\":\"https:\/\/asilgrup.com.tr\/iletisim\/\",\"name\":\"\u0130leti\u015fim - Asil Grup\",\"isPartOf\":{\"@id\":\"https:\/\/asilgrup.com.tr\/#website\"},\"datePublished\":\"2025-09-29T11:07:35+00:00\",\"dateModified\":\"2025-11-25T11:16:22+00:00\",\"breadcrumb\":{\"@id\":\"https:\/\/asilgrup.com.tr\/iletisim\/#breadcrumb\"},\"inLanguage\":\"en-GB\",\"potentialAction\":[{\"@type\":\"ReadAction\",\"target\":[\"https:\/\/asilgrup.com.tr\/iletisim\/\"]}]},{\"@type\":\"BreadcrumbList\",\"@id\":\"https:\/\/asilgrup.com.tr\/iletisim\/#breadcrumb\",\"itemListElement\":[{\"@type\":\"ListItem\",\"position\":1,\"name\":\"Anasayfa\",\"item\":\"https:\/\/asilgrup.com.tr\/\"},{\"@type\":\"ListItem\",\"position\":2,\"name\":\"\u0130leti\u015fim\"}]},{\"@type\":\"WebSite\",\"@id\":\"https:\/\/asilgrup.com.tr\/#website\",\"url\":\"https:\/\/asilgrup.com.tr\/\",\"name\":\"Asil Grup\",\"description\":\"1998 y\u0131l\u0131ndan bu yana hizmet sekt\u00f6r\u00fcnde faaliyet g\u00f6steren Asil Grup; g\u00fcvenlik, teknoloji, ev alarm sistemleri, dan\u0131\u015fma, temizlik ve sigorta alanlar\u0131nda modern ve entegre \u00e7\u00f6z\u00fcmler sunan profesyonel bir hizmet sa\u011flay\u0131c\u0131d\u0131r.\",\"publisher\":{\"@id\":\"https:\/\/asilgrup.com.tr\/#organization\"},\"potentialAction\":[{\"@type\":\"SearchAction\",\"target\":{\"@type\":\"EntryPoint\",\"urlTemplate\":\"https:\/\/asilgrup.com.tr\/?s={search_term_string}\"},\"query-input\":{\"@type\":\"PropertyValueSpecification\",\"valueRequired\":true,\"valueName\":\"search_term_string\"}}],\"inLanguage\":\"en-GB\"},{\"@type\":\"Organization\",\"@id\":\"https:\/\/asilgrup.com.tr\/#organization\",\"name\":\"Asil Grup\",\"url\":\"https:\/\/asilgrup.com.tr\/\",\"logo\":{\"@type\":\"ImageObject\",\"inLanguage\":\"en-GB\",\"@id\":\"https:\/\/asilgrup.com.tr\/#\/schema\/logo\/image\/\",\"url\":\"https:\/\/asilgrup.com.tr\/wp-content\/uploads\/2025\/11\/logo_tr.webp\",\"contentUrl\":\"https:\/\/asilgrup.com.tr\/wp-content\/uploads\/2025\/11\/logo_tr.webp\",\"width\":300,\"height\":148,\"caption\":\"Asil Grup\"},\"image\":{\"@id\":\"https:\/\/asilgrup.com.tr\/#\/schema\/logo\/image\/\"}}]}<\/script>\n<!-- \/ Yoast SEO plugin. -->","yoast_head_json":{"title":"\u0130leti\u015fim - Asil Grup","robots":{"index":"index","follow":"follow","max-snippet":"max-snippet:-1","max-image-preview":"max-image-preview:large","max-video-preview":"max-video-preview:-1"},"canonical":"https:\/\/asilgrup.com.tr\/en\/iletisim\/","og_locale":"en_GB","og_type":"article","og_title":"\u0130leti\u015fim - Asil Grup","og_url":"https:\/\/asilgrup.com.tr\/en\/iletisim\/","og_site_name":"Asil Grup","article_modified_time":"2025-11-25T11:16:22+00:00","twitter_card":"summary_large_image","twitter_misc":{"Estimated reading time":"1 minute"},"schema":{"@context":"https:\/\/schema.org","@graph":[{"@type":"WebPage","@id":"https:\/\/asilgrup.com.tr\/iletisim\/","url":"https:\/\/asilgrup.com.tr\/iletisim\/","name":"\u0130leti\u015fim - Asil Grup","isPartOf":{"@id":"https:\/\/asilgrup.com.tr\/#website"},"datePublished":"2025-09-29T11:07:35+00:00","dateModified":"2025-11-25T11:16:22+00:00","breadcrumb":{"@id":"https:\/\/asilgrup.com.tr\/iletisim\/#breadcrumb"},"inLanguage":"en-GB","potentialAction":[{"@type":"ReadAction","target":["https:\/\/asilgrup.com.tr\/iletisim\/"]}]},{"@type":"BreadcrumbList","@id":"https:\/\/asilgrup.com.tr\/iletisim\/#breadcrumb","itemListElement":[{"@type":"ListItem","position":1,"name":"Anasayfa","item":"https:\/\/asilgrup.com.tr\/"},{"@type":"ListItem","position":2,"name":"\u0130leti\u015fim"}]},{"@type":"WebSite","@id":"https:\/\/asilgrup.com.tr\/#website","url":"https:\/\/asilgrup.com.tr\/","name":"Asil Group","description":"Operating since 1998 in the service sector, Asil Group is a professional service provider offering modern and integrated solutions in the fields of security, technology, home alarm systems, consultancy, cleaning and insurance.","publisher":{"@id":"https:\/\/asilgrup.com.tr\/#organization"},"potentialAction":[{"@type":"SearchAction","target":{"@type":"EntryPoint","urlTemplate":"https:\/\/asilgrup.com.tr\/?s={search_term_string}"},"query-input":{"@type":"PropertyValueSpecification","valueRequired":true,"valueName":"search_term_string"}}],"inLanguage":"en-GB"},{"@type":"Organization","@id":"https:\/\/asilgrup.com.tr\/#organization","name":"Asil Group","url":"https:\/\/asilgrup.com.tr\/","logo":{"@type":"ImageObject","inLanguage":"en-GB","@id":"https:\/\/asilgrup.com.tr\/#\/schema\/logo\/image\/","url":"https:\/\/asilgrup.com.tr\/wp-content\/uploads\/2025\/11\/logo_tr.webp","contentUrl":"https:\/\/asilgrup.com.tr\/wp-content\/uploads\/2025\/11\/logo_tr.webp","width":300,"height":148,"caption":"Asil Grup"},"image":{"@id":"https:\/\/asilgrup.com.tr\/#\/schema\/logo\/image\/"}}]}},"_links":{"self":[{"href":"https:\/\/asilgrup.com.tr\/en\/wp-json\/wp\/v2\/pages\/42","targetHints":{"allow":["GET"]}}],"collection":[{"href":"https:\/\/asilgrup.com.tr\/en\/wp-json\/wp\/v2\/pages"}],"about":[{"href":"https:\/\/asilgrup.com.tr\/en\/wp-json\/wp\/v2\/types\/page"}],"author":[{"embeddable":true,"href":"https:\/\/asilgrup.com.tr\/en\/wp-json\/wp\/v2\/users\/1"}],"replies":[{"embeddable":true,"href":"https:\/\/asilgrup.com.tr\/en\/wp-json\/wp\/v2\/comments?post=42"}],"version-history":[{"count":5,"href":"https:\/\/asilgrup.com.tr\/en\/wp-json\/wp\/v2\/pages\/42\/revisions"}],"predecessor-version":[{"id":709,"href":"https:\/\/asilgrup.com.tr\/en\/wp-json\/wp\/v2\/pages\/42\/revisions\/709"}],"wp:attachment":[{"href":"https:\/\/asilgrup.com.tr\/en\/wp-json\/wp\/v2\/media?parent=42"}],"curies":[{"name":"wp","href":"https:\/\/api.w.org\/{rel}","templated":true}]}}