{"id":718,"date":"2025-11-25T11:22:50","date_gmt":"2025-11-25T11:22:50","guid":{"rendered":"https:\/\/asil.websitesunum.com.tr\/?page_id=718"},"modified":"2025-11-25T11:22:50","modified_gmt":"2025-11-25T11:22:50","slug":"katalog","status":"publish","type":"page","link":"https:\/\/asilgrup.com.tr\/en\/katalog\/","title":{"rendered":"Catalogue"},"content":{"rendered":"<div class=\"_df_book df-lite\" id=\"df_715\"  _slug=\"katalogs\" data-title=\"katalogs\" wpoptions=\"true\" thumbtype=\"\" ><\/div><script class=\"df-shortcode-script\" nowprocket type=\"application\/javascript\">window.option_df_715 = {\"outline\":[],\"backgroundColor\":\"transparent\",\"autoEnableOutline\":\"false\",\"autoEnableThumbnail\":\"false\",\"overwritePDFOutline\":\"false\",\"enableDownload\":\"false\",\"direction\":\"1\",\"pageSize\":\"0\",\"source\":\"https:\\\/\\\/asilgrup.com.tr\\\/wp-content\\\/uploads\\\/2025\\\/11\\\/katalogdijital2_compressed.pdf\",\"wpOptions\":\"true\"}; if(window.DFLIP && window.DFLIP.parseBooks){window.DFLIP.parseBooks();}<\/script>","protected":false},"excerpt":{"rendered":"","protected":false},"author":1,"featured_media":0,"parent":0,"menu_order":0,"comment_status":"closed","ping_status":"closed","template":"","meta":{"footnotes":""},"class_list":["post-718","page","type-page","status-publish","hentry"],"yoast_head":"<!-- This site is optimized with the Yoast SEO plugin v26.7 - https:\/\/yoast.com\/wordpress\/plugins\/seo\/ -->\n<title>Katalog - Asil Grup<\/title>\n<meta name=\"robots\" content=\"index, follow, max-snippet:-1, max-image-preview:large, max-video-preview:-1\" \/>\n<link rel=\"canonical\" href=\"https:\/\/asilgrup.com.tr\/en\/katalog\/\" \/>\n<meta property=\"og:locale\" content=\"en_GB\" \/>\n<meta property=\"og:type\" content=\"article\" \/>\n<meta property=\"og:title\" content=\"Katalog - Asil Grup\" \/>\n<meta property=\"og:url\" content=\"https:\/\/asilgrup.com.tr\/en\/katalog\/\" \/>\n<meta property=\"og:site_name\" content=\"Asil Grup\" \/>\n<meta name=\"twitter:card\" content=\"summary_large_image\" \/>\n<script type=\"application\/ld+json\" class=\"yoast-schema-graph\">{\"@context\":\"https:\/\/schema.org\",\"@graph\":[{\"@type\":\"WebPage\",\"@id\":\"https:\/\/asilgrup.com.tr\/katalog\/\",\"url\":\"https:\/\/asilgrup.com.tr\/katalog\/\",\"name\":\"Katalog - Asil Grup\",\"isPartOf\":{\"@id\":\"https:\/\/asilgrup.com.tr\/#website\"},\"datePublished\":\"2025-11-25T11:22:50+00:00\",\"breadcrumb\":{\"@id\":\"https:\/\/asilgrup.com.tr\/katalog\/#breadcrumb\"},\"inLanguage\":\"en-GB\",\"potentialAction\":[{\"@type\":\"ReadAction\",\"target\":[\"https:\/\/asilgrup.com.tr\/katalog\/\"]}]},{\"@type\":\"BreadcrumbList\",\"@id\":\"https:\/\/asilgrup.com.tr\/katalog\/#breadcrumb\",\"itemListElement\":[{\"@type\":\"ListItem\",\"position\":1,\"name\":\"Anasayfa\",\"item\":\"https:\/\/asilgrup.com.tr\/\"},{\"@type\":\"ListItem\",\"position\":2,\"name\":\"Katalog\"}]},{\"@type\":\"WebSite\",\"@id\":\"https:\/\/asilgrup.com.tr\/#website\",\"url\":\"https:\/\/asilgrup.com.tr\/\",\"name\":\"Asil Grup\",\"description\":\"1998 y\u0131l\u0131ndan bu yana hizmet sekt\u00f6r\u00fcnde faaliyet g\u00f6steren Asil Grup; g\u00fcvenlik, teknoloji, ev alarm sistemleri, dan\u0131\u015fma, temizlik ve sigorta alanlar\u0131nda modern ve entegre \u00e7\u00f6z\u00fcmler sunan profesyonel bir hizmet sa\u011flay\u0131c\u0131d\u0131r.\",\"publisher\":{\"@id\":\"https:\/\/asilgrup.com.tr\/#organization\"},\"potentialAction\":[{\"@type\":\"SearchAction\",\"target\":{\"@type\":\"EntryPoint\",\"urlTemplate\":\"https:\/\/asilgrup.com.tr\/?s={search_term_string}\"},\"query-input\":{\"@type\":\"PropertyValueSpecification\",\"valueRequired\":true,\"valueName\":\"search_term_string\"}}],\"inLanguage\":\"en-GB\"},{\"@type\":\"Organization\",\"@id\":\"https:\/\/asilgrup.com.tr\/#organization\",\"name\":\"Asil Grup\",\"url\":\"https:\/\/asilgrup.com.tr\/\",\"logo\":{\"@type\":\"ImageObject\",\"inLanguage\":\"en-GB\",\"@id\":\"https:\/\/asilgrup.com.tr\/#\/schema\/logo\/image\/\",\"url\":\"https:\/\/asilgrup.com.tr\/wp-content\/uploads\/2025\/11\/logo_tr.webp\",\"contentUrl\":\"https:\/\/asilgrup.com.tr\/wp-content\/uploads\/2025\/11\/logo_tr.webp\",\"width\":300,\"height\":148,\"caption\":\"Asil Grup\"},\"image\":{\"@id\":\"https:\/\/asilgrup.com.tr\/#\/schema\/logo\/image\/\"}}]}<\/script>\n<!-- \/ Yoast SEO plugin. -->","yoast_head_json":{"title":"Katalog - Asil Grup","robots":{"index":"index","follow":"follow","max-snippet":"max-snippet:-1","max-image-preview":"max-image-preview:large","max-video-preview":"max-video-preview:-1"},"canonical":"https:\/\/asilgrup.com.tr\/en\/katalog\/","og_locale":"en_GB","og_type":"article","og_title":"Katalog - Asil Grup","og_url":"https:\/\/asilgrup.com.tr\/en\/katalog\/","og_site_name":"Asil Grup","twitter_card":"summary_large_image","schema":{"@context":"https:\/\/schema.org","@graph":[{"@type":"WebPage","@id":"https:\/\/asilgrup.com.tr\/katalog\/","url":"https:\/\/asilgrup.com.tr\/katalog\/","name":"Katalog - Asil Grup","isPartOf":{"@id":"https:\/\/asilgrup.com.tr\/#website"},"datePublished":"2025-11-25T11:22:50+00:00","breadcrumb":{"@id":"https:\/\/asilgrup.com.tr\/katalog\/#breadcrumb"},"inLanguage":"en-GB","potentialAction":[{"@type":"ReadAction","target":["https:\/\/asilgrup.com.tr\/katalog\/"]}]},{"@type":"BreadcrumbList","@id":"https:\/\/asilgrup.com.tr\/katalog\/#breadcrumb","itemListElement":[{"@type":"ListItem","position":1,"name":"Anasayfa","item":"https:\/\/asilgrup.com.tr\/"},{"@type":"ListItem","position":2,"name":"Katalog"}]},{"@type":"WebSite","@id":"https:\/\/asilgrup.com.tr\/#website","url":"https:\/\/asilgrup.com.tr\/","name":"Asil Group","description":"Operating since 1998 in the service sector, Asil Group is a professional service provider offering modern and integrated solutions in the fields of security, technology, home alarm systems, consultancy, cleaning and insurance.","publisher":{"@id":"https:\/\/asilgrup.com.tr\/#organization"},"potentialAction":[{"@type":"SearchAction","target":{"@type":"EntryPoint","urlTemplate":"https:\/\/asilgrup.com.tr\/?s={search_term_string}"},"query-input":{"@type":"PropertyValueSpecification","valueRequired":true,"valueName":"search_term_string"}}],"inLanguage":"en-GB"},{"@type":"Organization","@id":"https:\/\/asilgrup.com.tr\/#organization","name":"Asil Group","url":"https:\/\/asilgrup.com.tr\/","logo":{"@type":"ImageObject","inLanguage":"en-GB","@id":"https:\/\/asilgrup.com.tr\/#\/schema\/logo\/image\/","url":"https:\/\/asilgrup.com.tr\/wp-content\/uploads\/2025\/11\/logo_tr.webp","contentUrl":"https:\/\/asilgrup.com.tr\/wp-content\/uploads\/2025\/11\/logo_tr.webp","width":300,"height":148,"caption":"Asil Grup"},"image":{"@id":"https:\/\/asilgrup.com.tr\/#\/schema\/logo\/image\/"}}]}},"_links":{"self":[{"href":"https:\/\/asilgrup.com.tr\/en\/wp-json\/wp\/v2\/pages\/718","targetHints":{"allow":["GET"]}}],"collection":[{"href":"https:\/\/asilgrup.com.tr\/en\/wp-json\/wp\/v2\/pages"}],"about":[{"href":"https:\/\/asilgrup.com.tr\/en\/wp-json\/wp\/v2\/types\/page"}],"author":[{"embeddable":true,"href":"https:\/\/asilgrup.com.tr\/en\/wp-json\/wp\/v2\/users\/1"}],"replies":[{"embeddable":true,"href":"https:\/\/asilgrup.com.tr\/en\/wp-json\/wp\/v2\/comments?post=718"}],"version-history":[{"count":1,"href":"https:\/\/asilgrup.com.tr\/en\/wp-json\/wp\/v2\/pages\/718\/revisions"}],"predecessor-version":[{"id":719,"href":"https:\/\/asilgrup.com.tr\/en\/wp-json\/wp\/v2\/pages\/718\/revisions\/719"}],"wp:attachment":[{"href":"https:\/\/asilgrup.com.tr\/en\/wp-json\/wp\/v2\/media?parent=718"}],"curies":[{"name":"wp","href":"https:\/\/api.w.org\/{rel}","templated":true}]}}